{"id":767,"date":"2012-03-19T21:25:50","date_gmt":"2012-03-19T20:25:50","guid":{"rendered":"http:\/\/ctinternational.test.hkbo.nl\/product\/ureumline-15-250-ml\/"},"modified":"2026-01-16T20:37:53","modified_gmt":"2026-01-16T19:37:53","slug":"ureumline-15-500-ml","status":"publish","type":"product","link":"https:\/\/ctinternational.nl\/shop\/product\/ureumline-15-500-ml\/","title":{"rendered":"Dimanche Ureumline 15% ureum 500 ml &#8211; Klovenmilk"},"content":{"rendered":"<h1>Dimanche Ureumline 15% ureum 500 ml &#8211; Klovenmilk<\/h1>\n<p>Dit is een unieke klovenmilk die nagenoeg g\u00e9\u00e9n oli\u00ebn of vetten bevat. De klovenmilk is iets ingedikt zodat deze zich laat doseren en uitsmeren als een dunne huidcr\u00e8me. Ureumline klovenmilk 15% zal iets op de huid meer &#8220;plakkerig aanvoelen dan de huidmilk Ureumline 10%, maar vormt in vergelijking met traditionele voetbalsems of vette cr\u00e8mes een wereld van verschil.<\/p>\n<p>Ureumline 15% is de klovenmilk die effectief dik eelt verwijderd en huidkloven behoedt voor scheuren en barsten. Te gebruiken bij hard eelt op de tenen, onder de voeten, op de hielen en op harde kloven. Het product kan ook gebruikt worden op ellebogen, polsen, handen en bijvoorbeeld de knie\u00ebn. Ureumline 15% is nagenoeg vetvrij, sokken, steunkousen en schoenen kunnen vrijwel direct na het insmeren worden aangetrokken. Verzorg met deze klovencr\u00e8me &#8220;instant&#8221; de eeltige huid tot een meer soepele, niet trekkende huid. Ook ideaal voor wandelaars!<\/p>\n<ul>\n<li>Geschikt voor de zeer droge huid en ruwe huid<\/li>\n<li>Geschikt voor hard eelt en kloven<\/li>\n<li>15% ureum<\/li>\n<li>500 ml pompflacon<\/li>\n<\/ul>\n","protected":false},"excerpt":{"rendered":"<p>Unieke klovenmik met 15% ureum voor de behandeling van de zeer droge huid, hard eelt en kloven.<\/p>\n","protected":false},"featured_media":54032,"template":"","meta":{"_monsterinsights_skip_tracking":false,"_monsterinsights_sitenote_active":false,"_monsterinsights_sitenote_note":"","_monsterinsights_sitenote_category":0},"product_brand":[],"product_cat":[164,75,154],"product_tag":[],"class_list":{"0":"post-767","1":"product","2":"type-product","3":"status-publish","4":"has-post-thumbnail","6":"product_cat-ureumline","7":"product_cat-pedicure","8":"product_cat-voetverzorgingsproducten","9":"description-off","11":"first","12":"instock","13":"taxable","14":"shipping-taxable","15":"product-type-simple"},"_links":{"self":[{"href":"https:\/\/ctinternational.nl\/shop\/wp-json\/wp\/v2\/product\/767","targetHints":{"allow":["GET"]}}],"collection":[{"href":"https:\/\/ctinternational.nl\/shop\/wp-json\/wp\/v2\/product"}],"about":[{"href":"https:\/\/ctinternational.nl\/shop\/wp-json\/wp\/v2\/types\/product"}],"wp:featuredmedia":[{"embeddable":true,"href":"https:\/\/ctinternational.nl\/shop\/wp-json\/wp\/v2\/media\/54032"}],"wp:attachment":[{"href":"https:\/\/ctinternational.nl\/shop\/wp-json\/wp\/v2\/media?parent=767"}],"wp:term":[{"taxonomy":"product_brand","embeddable":true,"href":"https:\/\/ctinternational.nl\/shop\/wp-json\/wp\/v2\/product_brand?post=767"},{"taxonomy":"product_cat","embeddable":true,"href":"https:\/\/ctinternational.nl\/shop\/wp-json\/wp\/v2\/product_cat?post=767"},{"taxonomy":"product_tag","embeddable":true,"href":"https:\/\/ctinternational.nl\/shop\/wp-json\/wp\/v2\/product_tag?post=767"}],"curies":[{"name":"wp","href":"https:\/\/api.w.org\/{rel}","templated":true}]}}