{"id":759,"date":"2012-03-19T21:25:35","date_gmt":"2012-03-19T20:25:35","guid":{"rendered":"http:\/\/ctinternational.test.hkbo.nl\/product\/ureumline-10-100-ml-tube\/"},"modified":"2026-01-17T07:09:10","modified_gmt":"2026-01-17T06:09:10","slug":"ureumline-10-100-ml-tube","status":"publish","type":"product","link":"https:\/\/ctinternational.nl\/shop\/product\/ureumline-10-100-ml-tube\/","title":{"rendered":"Dimanche Ureumline 10% ureum 100 ml &#8211; Huidmilk"},"content":{"rendered":"<h1>Dimanche Ureumline 10% ureum 100 ml &#8211; Huidmilk<\/h1>\n<p>Dit is een unieke huidmilk die nagenoeg g\u00e9\u00e9n vetten of oli\u00ebn bevat. De huidmilk is iets ingedikt waardoor deze zich laat doseren en uitsmeren als een dunne huidcr\u00e8me. Ureum-10 bevat 10% hoogwaardig cosmetisch Ureum en een actief gehalte Allanto\u00efne.\u00a0 Bij een aantal keren insmeren (bij voorkeur 2x per dag) ervaart u nagenoeg direct een verbetering van de huid. De huid krijgt een verbeterde soepelheid, elasticiteit en gladheid. Bij regelmatig gebruik verbetert de conditie van de huid. Gebruik Ureum-10 bij de verzorging van droge huid op handen, voeten, ellebogen en het gelaat (niet de oogzone).<\/p>\n<ul>\n<li>Geschikt voor de droge huid en beginnend eelt<\/li>\n<li>10% ureum<\/li>\n<li>Geschikt voor diabetici<\/li>\n<li>100 ml tube<\/li>\n<\/ul>\n","protected":false},"excerpt":{"rendered":"<p>Unieke verzorgde huidmilk met 10% ureum die nagenoeg g\u00e9\u00e9n vetten of oli\u00ebn bevat.<\/p>\n","protected":false},"featured_media":54036,"template":"","meta":{"_monsterinsights_skip_tracking":false,"_monsterinsights_sitenote_active":false,"_monsterinsights_sitenote_note":"","_monsterinsights_sitenote_category":0},"product_brand":[],"product_cat":[164,75,154],"product_tag":[],"class_list":{"0":"post-759","1":"product","2":"type-product","3":"status-publish","4":"has-post-thumbnail","6":"product_cat-ureumline","7":"product_cat-pedicure","8":"product_cat-voetverzorgingsproducten","9":"description-off","11":"first","12":"instock","13":"taxable","14":"shipping-taxable","15":"product-type-simple"},"_links":{"self":[{"href":"https:\/\/ctinternational.nl\/shop\/wp-json\/wp\/v2\/product\/759","targetHints":{"allow":["GET"]}}],"collection":[{"href":"https:\/\/ctinternational.nl\/shop\/wp-json\/wp\/v2\/product"}],"about":[{"href":"https:\/\/ctinternational.nl\/shop\/wp-json\/wp\/v2\/types\/product"}],"wp:featuredmedia":[{"embeddable":true,"href":"https:\/\/ctinternational.nl\/shop\/wp-json\/wp\/v2\/media\/54036"}],"wp:attachment":[{"href":"https:\/\/ctinternational.nl\/shop\/wp-json\/wp\/v2\/media?parent=759"}],"wp:term":[{"taxonomy":"product_brand","embeddable":true,"href":"https:\/\/ctinternational.nl\/shop\/wp-json\/wp\/v2\/product_brand?post=759"},{"taxonomy":"product_cat","embeddable":true,"href":"https:\/\/ctinternational.nl\/shop\/wp-json\/wp\/v2\/product_cat?post=759"},{"taxonomy":"product_tag","embeddable":true,"href":"https:\/\/ctinternational.nl\/shop\/wp-json\/wp\/v2\/product_tag?post=759"}],"curies":[{"name":"wp","href":"https:\/\/api.w.org\/{rel}","templated":true}]}}