{"id":707,"date":"2012-03-19T21:05:55","date_gmt":"2012-03-19T20:05:55","guid":{"rendered":"http:\/\/ctinternational.test.hkbo.nl\/product\/gehwol-voetdeo-creme-75-ml\/"},"modified":"2024-04-06T15:08:09","modified_gmt":"2024-04-06T13:08:09","slug":"gehwol-voetdeo-creme-75-ml","status":"publish","type":"product","link":"https:\/\/ctinternational.nl\/shop\/product\/gehwol-voetdeo-creme-75-ml\/","title":{"rendered":"Gehwol Med Voetdeo Cr\u00e8me 75 ml"},"content":{"rendered":"<h1>Gehwol Med Voetdeo Cr\u00e8me 75 ml<\/h1>\n<p>Gehwol is al meer dan 150 jaar gespecialiseerd in voetproblematiek. Het Duitse bedrijf heeft veel kennis opgebouwd in het behandelen van voetproblemen zoals bijvoorbeeld schimmels, kloven, droge en gesprongen huid. Natuurlijke ingredi\u00ebnten hebben altijd aan de basis gestaan bij de ontwikkeling van Gehwol producten. De producten van Gehwol worden veelvuldig gebruikt door professionals zoals pedicures en sporters.<\/p>\n<p>Het assortiment van Gehwol bestaat uit\u00a0 3 lijnen:<\/p>\n<p><strong>Gehwol Med<\/strong>: om direct ernstige voetklachten te behandelen en verbeteren.<\/p>\n<p><strong>Gehwol Fusskraft<\/strong>: een lijn met hoge concentraties actieve ingredi\u00ebnten om ernstige klachten onder controle te houden en te voorkomen.<\/p>\n<p><strong>Gehwol<\/strong>: een lijn om milde voetproblematiek onder controle te houden en te voorkomen.<\/p>\n<h2><\/h2>\n<p>Deze cr\u00e8me bevat een verzorgende basis met jojoba-olie en alo\u00eb vera, die versterkt is met een krachtige combinatie van manuka-olie en geactiveerde zinkoxide. Deze samenstelling biedt een oplossing voor het aanpakken van intense voetengeur. Manuka-olie staat bekend om zijn pittige aroma en is tegelijkertijd vriendelijk voor de huid. Het heeft een breed spectrum aan antibacteri\u00eble en antischimmel eigenschappen, waardoor het bijzonder geschikt is voor optimale voethygi\u00ebne. Alo\u00eb vera, een natuurlijk ingredi\u00ebnt in deze krachtige mix, staat bekend om zijn bacterieremmende, ontstekingsremmende, en vochtinbrengende eigenschappen. Het draagt bij aan een gezonde voethuid en bevordert het herstelproces. Regelmatig gebruik van deze milde vochtinbrengende cr\u00e8me zorgt voor geurloze voeten, verzacht je huid en beschermt tegen schimmelinfecties.<\/p>\n<ul>\n<li>Dermatologisch getest<\/li>\n<li>Ook geschikt voor diabetici<\/li>\n<li>75 ml tube<\/li>\n<\/ul>\n","protected":false},"excerpt":{"rendered":"<p>Deze Gehwol verzorgende cr\u00e8me helpt bij voetschimmel en zweetvoeten.<\/p>\n","protected":false},"featured_media":25447,"template":"","meta":{"_monsterinsights_skip_tracking":false,"_monsterinsights_sitenote_active":false,"_monsterinsights_sitenote_note":"","_monsterinsights_sitenote_category":0},"product_brand":[],"product_cat":[155,75,154],"product_tag":[],"class_list":{"0":"post-707","1":"product","2":"type-product","3":"status-publish","4":"has-post-thumbnail","6":"product_cat-gehwol","7":"product_cat-pedicure","8":"product_cat-voetverzorgingsproducten","9":"description-off","11":"first","12":"instock","13":"taxable","14":"shipping-taxable","15":"product-type-simple"},"_links":{"self":[{"href":"https:\/\/ctinternational.nl\/shop\/wp-json\/wp\/v2\/product\/707","targetHints":{"allow":["GET"]}}],"collection":[{"href":"https:\/\/ctinternational.nl\/shop\/wp-json\/wp\/v2\/product"}],"about":[{"href":"https:\/\/ctinternational.nl\/shop\/wp-json\/wp\/v2\/types\/product"}],"wp:featuredmedia":[{"embeddable":true,"href":"https:\/\/ctinternational.nl\/shop\/wp-json\/wp\/v2\/media\/25447"}],"wp:attachment":[{"href":"https:\/\/ctinternational.nl\/shop\/wp-json\/wp\/v2\/media?parent=707"}],"wp:term":[{"taxonomy":"product_brand","embeddable":true,"href":"https:\/\/ctinternational.nl\/shop\/wp-json\/wp\/v2\/product_brand?post=707"},{"taxonomy":"product_cat","embeddable":true,"href":"https:\/\/ctinternational.nl\/shop\/wp-json\/wp\/v2\/product_cat?post=707"},{"taxonomy":"product_tag","embeddable":true,"href":"https:\/\/ctinternational.nl\/shop\/wp-json\/wp\/v2\/product_tag?post=707"}],"curies":[{"name":"wp","href":"https:\/\/api.w.org\/{rel}","templated":true}]}}