{"id":693,"date":"2012-03-19T21:05:23","date_gmt":"2012-03-19T20:05:23","guid":{"rendered":"http:\/\/ctinternational.test.hkbo.nl\/product\/gehwol-mint-75-ml-tube\/"},"modified":"2024-04-06T13:45:13","modified_gmt":"2024-04-06T11:45:13","slug":"gehwol-mint-75-ml-tube","status":"publish","type":"product","link":"https:\/\/ctinternational.nl\/shop\/product\/gehwol-mint-75-ml-tube\/","title":{"rendered":"Gehwol Fusskraft Mint 75 ml"},"content":{"rendered":"<h1>Gehwol Fusskraft Mint 75 ml<\/h1>\n<p>Gehwol is al meer dan 150 jaar gespecialiseerd in voetproblematiek. Het Duitse bedrijf heeft veel kennis opgebouwd in het behandelen van voetproblemen zoals bijvoorbeeld schimmels, kloven, droge en gesprongen huid. Natuurlijke ingredi\u00ebnten hebben altijd aan de basis gestaan bij de ontwikkeling van Gehwol producten. De producten van Gehwol worden veelvuldig gebruikt door professionals zoals pedicures en sporters.<\/p>\n<p>Het assortiment van Gehwol bestaat uit 3 lijnen:<\/p>\n<p><strong>Gehwol Med<\/strong>: om direct ernstige voetklachten te behandelen en verbeteren.<\/p>\n<p><strong>Gehwol Fusskraft<\/strong>: een lijn met hoge concentraties actieve ingredi\u00ebnten om ernstige klachten onder controle te houden en te voorkomen.<\/p>\n<p><strong>Gehwol<\/strong>: een lijn om milde voetproblematiek onder controle te houden en te voorkomen.<\/p>\n<p>&nbsp;<\/p>\n<p>Gehwol Fusskraft mint is een verkoelende voetencr\u00e8me met pepermuntolie. De cr\u00e8me bevat natuurlijke menthol, etherische oli\u00ebn van rozemarijn, bergden en lavendel. Menthol zorgt voor de verkoeling en verfrissing van de voeten. De rozemarijn oli\u00ebn heeft een kalmerende werking, gaat lichaamsgeur tegen en bevordert tevens het huidherstel. De cr\u00e8me trekt snel in, maakt de huid niet vet, verkoelt, verfrist en geeft het aangename gevoel van verzorgde voeten.<\/p>\n<ul>\n<li>Voor vermoeide en pijnlijke voeten<\/li>\n<li>Het product bevat antiseptica die de vorming van voetschimmel en jeuk tussen de tenen voorkomen<\/li>\n<li>Geschikt voor dagelijks gebruik<\/li>\n<li>75 ml tube<\/li>\n<\/ul>\n","protected":false},"excerpt":{"rendered":"<p>Gehwol Fusskraft Mint voetencr\u00e8me verkoelt en verfrist vermoeide en pijnlijke voeten.<\/p>\n","protected":false},"featured_media":38021,"template":"","meta":{"_monsterinsights_skip_tracking":false,"_monsterinsights_sitenote_active":false,"_monsterinsights_sitenote_note":"","_monsterinsights_sitenote_category":0},"product_brand":[],"product_cat":[155,75,154],"product_tag":[],"class_list":{"0":"post-693","1":"product","2":"type-product","3":"status-publish","4":"has-post-thumbnail","6":"product_cat-gehwol","7":"product_cat-pedicure","8":"product_cat-voetverzorgingsproducten","9":"description-off","11":"first","12":"instock","13":"taxable","14":"shipping-taxable","15":"product-type-simple"},"_links":{"self":[{"href":"https:\/\/ctinternational.nl\/shop\/wp-json\/wp\/v2\/product\/693","targetHints":{"allow":["GET"]}}],"collection":[{"href":"https:\/\/ctinternational.nl\/shop\/wp-json\/wp\/v2\/product"}],"about":[{"href":"https:\/\/ctinternational.nl\/shop\/wp-json\/wp\/v2\/types\/product"}],"wp:featuredmedia":[{"embeddable":true,"href":"https:\/\/ctinternational.nl\/shop\/wp-json\/wp\/v2\/media\/38021"}],"wp:attachment":[{"href":"https:\/\/ctinternational.nl\/shop\/wp-json\/wp\/v2\/media?parent=693"}],"wp:term":[{"taxonomy":"product_brand","embeddable":true,"href":"https:\/\/ctinternational.nl\/shop\/wp-json\/wp\/v2\/product_brand?post=693"},{"taxonomy":"product_cat","embeddable":true,"href":"https:\/\/ctinternational.nl\/shop\/wp-json\/wp\/v2\/product_cat?post=693"},{"taxonomy":"product_tag","embeddable":true,"href":"https:\/\/ctinternational.nl\/shop\/wp-json\/wp\/v2\/product_tag?post=693"}],"curies":[{"name":"wp","href":"https:\/\/api.w.org\/{rel}","templated":true}]}}