{"id":53806,"date":"2026-01-05T15:32:49","date_gmt":"2026-01-05T14:32:49","guid":{"rendered":"https:\/\/ctinternational.nl\/shop\/?post_type=product&#038;p=53806"},"modified":"2026-02-25T07:39:08","modified_gmt":"2026-02-25T06:39:08","slug":"pedibaehr-hydrobalsam-lavendel-125-ml","status":"publish","type":"product","link":"https:\/\/ctinternational.nl\/shop\/product\/pedibaehr-hydrobalsam-lavendel-125-ml\/","title":{"rendered":"Pedibaehr Hydrobalsem Lavendel 125 ml *uitlopend artikel*"},"content":{"rendered":"<div class=\"wpb-content-wrapper\"><p>[vc_row][vc_column][vc_column_text css=&#8221;&#8221;]<\/p>\n<h1>Pedibaehr Hydrobalsem Lavendel 125 ml<\/h1>\n<p>Pedibaehr voetbalsem met Lavendel is een heerlijk geurende lavendelbalsem met verzorgende essenti\u00eble oli\u00ebn van lavendel, teunisbloem en abrikozenpit. De kalmerende, hydraterende en beschermende eigenschappen van deze voetencr\u00e8me zijn ideaal voor de voetverzorging van de droge en ruwe huid. De fluweelzachte textuur trekt snel in en laat de huid zacht en glad aanvoelen.<\/p>\n<ul>\n<li>Voor de droge en ruwe huid<\/li>\n<li>Geschikt voor alle huidtypen, ook diabetici<\/li>\n<li>Dermatologisch getest<\/li>\n<li>125 ml<\/li>\n<\/ul>\n<p>Toepassing: \u2018s morgens en \u2018s avonds op de voeten aanbrengen en goed inmasseren<\/p>\n<p>Ingredi\u00ebnten: Sodium PCA, lavendelolie, teunisbloemolie, abrikozenpitolie[\/vc_column_text][\/vc_column][\/vc_row]<\/p>\n<\/div>","protected":false},"excerpt":{"rendered":"<p>Heerlijk geurende lavendel voetenbalsem met verzorgende essenti\u00eble oli\u00ebn van lavendel, teunisbloem en abrikozenpit. Voor de voetverzorging van de droge en ruwe huid. De fluweelzachte textuur trekt snel in en laat de huid zacht en glad aanvoelen.<\/p>\n","protected":false},"featured_media":53809,"template":"","meta":{"_monsterinsights_skip_tracking":false,"_monsterinsights_sitenote_active":false,"_monsterinsights_sitenote_note":"","_monsterinsights_sitenote_category":0},"product_brand":[],"product_cat":[440,75,1026,986,154],"product_tag":[],"class_list":{"0":"post-53806","1":"product","2":"type-product","3":"status-publish","4":"has-post-thumbnail","6":"product_cat-pedibaehr","7":"product_cat-pedicure","8":"product_cat-sale","9":"product_cat-sale-voetzorg","10":"product_cat-voetverzorgingsproducten","11":"description-off","13":"first","14":"instock","15":"sale","16":"taxable","17":"shipping-taxable","18":"product-type-simple"},"_links":{"self":[{"href":"https:\/\/ctinternational.nl\/shop\/wp-json\/wp\/v2\/product\/53806","targetHints":{"allow":["GET"]}}],"collection":[{"href":"https:\/\/ctinternational.nl\/shop\/wp-json\/wp\/v2\/product"}],"about":[{"href":"https:\/\/ctinternational.nl\/shop\/wp-json\/wp\/v2\/types\/product"}],"wp:featuredmedia":[{"embeddable":true,"href":"https:\/\/ctinternational.nl\/shop\/wp-json\/wp\/v2\/media\/53809"}],"wp:attachment":[{"href":"https:\/\/ctinternational.nl\/shop\/wp-json\/wp\/v2\/media?parent=53806"}],"wp:term":[{"taxonomy":"product_brand","embeddable":true,"href":"https:\/\/ctinternational.nl\/shop\/wp-json\/wp\/v2\/product_brand?post=53806"},{"taxonomy":"product_cat","embeddable":true,"href":"https:\/\/ctinternational.nl\/shop\/wp-json\/wp\/v2\/product_cat?post=53806"},{"taxonomy":"product_tag","embeddable":true,"href":"https:\/\/ctinternational.nl\/shop\/wp-json\/wp\/v2\/product_tag?post=53806"}],"curies":[{"name":"wp","href":"https:\/\/api.w.org\/{rel}","templated":true}]}}