{"id":53602,"date":"2025-12-08T16:13:20","date_gmt":"2025-12-08T15:13:20","guid":{"rendered":"https:\/\/ctinternational.nl\/shop\/?post_type=product&#038;p=53602"},"modified":"2026-02-04T15:38:15","modified_gmt":"2026-02-04T14:38:15","slug":"volatile-massageolie-nek-schouder","status":"publish","type":"product","link":"https:\/\/ctinternational.nl\/shop\/product\/volatile-massageolie-nek-schouder\/","title":{"rendered":"Volatile Massageolie Nek &#8211; Schouder"},"content":{"rendered":"<div class=\"wpb-content-wrapper\"><p>[vc_row][vc_column][vc_column_text css=&#8221;&#8221;]<\/p>\n<h1>Volatile Massageolie Nek &#8211; Schouder<\/h1>\n<p>Etherische massageoli\u00ebn zijn niet meer weg te denken uit de sportwereld. De Volatile sport massageoli\u00ebn hebben een zeer goede werking op spieren, pezen, gewrichten, slijmbeurzen, bij kramp, tegen pijn en bij blessure. Speciaal voor sporters heeft Volatile de massageoli\u00ebn: Belaste spieren, Relax, Warming-up, Relief, Bij Stress, Winning mood en Nek &#8211; Schouder.<\/p>\n<p>De sportmassage-olie Nek &#8211; Schouder bevat 2,5% zuivere essenti\u00eble olie. Alle overige Volatile massage-oli\u00ebn bevatten 2% zuivere essenti\u00eble olie. De Volatile sportmassage-oli\u00ebn bevatten geen waterbasis, hierdoor zijn ze lang houdbaar en voelen niet koud aan op de huid.<\/p>\n<ul>\n<li>Volatile Sportmassage olie<\/li>\n<li>Makkelijk uit te smeren, ook over grote oppervlakten<\/li>\n<li>Zuinig in gebruik<\/li>\n<li>Geschikt voor elk huidtype<\/li>\n<li>Met o.a. amandelolie, jojoba olie en 2% marjolein<\/li>\n<li>Verkrijgbaar in 100 ml glas, 250 ml en 1 liter<\/li>\n<\/ul>\n<p>[\/vc_column_text][\/vc_column][\/vc_row]<\/p>\n<\/div>","protected":false},"excerpt":{"rendered":"<p>Veel mensen worden geteisterd door een stijve nek en een gespannen spieren in de schouders. De Volatile Massageolie Nek -Schouder is gemaakt van 100% natuurlijke amandelolie en jojoba olie en is verrijkt met essenti\u00eble oli\u00ebn speciaal voor de nek-schouder partij. Speciale Volatile sport massageolie.<\/p>\n","protected":false},"featured_media":53635,"template":"","meta":{"_monsterinsights_skip_tracking":false,"_monsterinsights_sitenote_active":false,"_monsterinsights_sitenote_note":"","_monsterinsights_sitenote_category":0},"product_brand":[],"product_cat":[76,211,216],"product_tag":[],"class_list":{"0":"post-53602","1":"product","2":"type-product","3":"status-publish","4":"has-post-thumbnail","6":"product_cat-schoonheid","7":"product_cat-volatile-aromatherapie","8":"product_cat-volatile-massage-olie-sport-olie","9":"pa_inhoud-1-liter","10":"pa_inhoud-100-ml","11":"pa_inhoud-250-ml","12":"description-off","14":"first","15":"instock","16":"sale","17":"taxable","18":"shipping-taxable","19":"product-type-variable"},"_links":{"self":[{"href":"https:\/\/ctinternational.nl\/shop\/wp-json\/wp\/v2\/product\/53602","targetHints":{"allow":["GET"]}}],"collection":[{"href":"https:\/\/ctinternational.nl\/shop\/wp-json\/wp\/v2\/product"}],"about":[{"href":"https:\/\/ctinternational.nl\/shop\/wp-json\/wp\/v2\/types\/product"}],"wp:featuredmedia":[{"embeddable":true,"href":"https:\/\/ctinternational.nl\/shop\/wp-json\/wp\/v2\/media\/53635"}],"wp:attachment":[{"href":"https:\/\/ctinternational.nl\/shop\/wp-json\/wp\/v2\/media?parent=53602"}],"wp:term":[{"taxonomy":"product_brand","embeddable":true,"href":"https:\/\/ctinternational.nl\/shop\/wp-json\/wp\/v2\/product_brand?post=53602"},{"taxonomy":"product_cat","embeddable":true,"href":"https:\/\/ctinternational.nl\/shop\/wp-json\/wp\/v2\/product_cat?post=53602"},{"taxonomy":"product_tag","embeddable":true,"href":"https:\/\/ctinternational.nl\/shop\/wp-json\/wp\/v2\/product_tag?post=53602"}],"curies":[{"name":"wp","href":"https:\/\/api.w.org\/{rel}","templated":true}]}}