{"id":52556,"date":"2025-11-10T19:15:26","date_gmt":"2025-11-10T18:15:26","guid":{"rendered":"https:\/\/ctinternational.nl\/shop\/?post_type=product&#038;p=52556"},"modified":"2026-04-03T16:50:36","modified_gmt":"2026-04-03T14:50:36","slug":"elina-aloe-vera-voetencreme","status":"publish","type":"product","link":"https:\/\/ctinternational.nl\/shop\/product\/elina-aloe-vera-voetencreme\/","title":{"rendered":"Elina Aloe Vera Voetencr\u00e8me"},"content":{"rendered":"<div class=\"wpb-content-wrapper\"><p>[vc_row][vc_column][vc_column_text css=&#8221;&#8221;]<\/p>\n<h1>Elina Aloe Vera Voetencr\u00e8me<\/h1>\n<p>Verzorgende voetencr\u00e8me met Aloe Vera. Deze voedende Aloe Vera voetencr\u00e8me werkt verzachtend en hydraterend. Een heerlijke cr\u00e8me voor de dagelijkse verzorging van de voeten.<\/p>\n<ul>\n<li>Voetverzorging<\/li>\n<li>Verkrijgbaar in 50 ml of 75 ml tube<\/li>\n<\/ul>\n<p>[\/vc_column_text][\/vc_column][\/vc_row]<\/p>\n<\/div>","protected":false},"excerpt":{"rendered":"<p>De Elina Aloe Vera voetencr\u00e8me werkt verzachtend en hydraterend. Een heerlijke cr\u00e8me voor de dagelijkse verzorging van de voeten.<\/p>\n","protected":false},"featured_media":37981,"template":"","meta":{"_monsterinsights_skip_tracking":false,"_monsterinsights_sitenote_active":false,"_monsterinsights_sitenote_note":"","_monsterinsights_sitenote_category":0},"product_brand":[],"product_cat":[159,77],"product_tag":[],"class_list":{"0":"post-52556","1":"product","2":"type-product","3":"status-publish","4":"has-post-thumbnail","6":"product_cat-relatiegeschenken","7":"product_cat-salon-benodigdheden","8":"pa_inhoud-50-ml","9":"pa_inhoud-75-ml","10":"description-off","12":"first","13":"instock","14":"taxable","15":"shipping-taxable","16":"product-type-variable"},"_links":{"self":[{"href":"https:\/\/ctinternational.nl\/shop\/wp-json\/wp\/v2\/product\/52556","targetHints":{"allow":["GET"]}}],"collection":[{"href":"https:\/\/ctinternational.nl\/shop\/wp-json\/wp\/v2\/product"}],"about":[{"href":"https:\/\/ctinternational.nl\/shop\/wp-json\/wp\/v2\/types\/product"}],"wp:featuredmedia":[{"embeddable":true,"href":"https:\/\/ctinternational.nl\/shop\/wp-json\/wp\/v2\/media\/37981"}],"wp:attachment":[{"href":"https:\/\/ctinternational.nl\/shop\/wp-json\/wp\/v2\/media?parent=52556"}],"wp:term":[{"taxonomy":"product_brand","embeddable":true,"href":"https:\/\/ctinternational.nl\/shop\/wp-json\/wp\/v2\/product_brand?post=52556"},{"taxonomy":"product_cat","embeddable":true,"href":"https:\/\/ctinternational.nl\/shop\/wp-json\/wp\/v2\/product_cat?post=52556"},{"taxonomy":"product_tag","embeddable":true,"href":"https:\/\/ctinternational.nl\/shop\/wp-json\/wp\/v2\/product_tag?post=52556"}],"curies":[{"name":"wp","href":"https:\/\/api.w.org\/{rel}","templated":true}]}}