{"id":51875,"date":"2025-09-24T15:28:52","date_gmt":"2025-09-24T13:28:52","guid":{"rendered":"https:\/\/ctinternational.nl\/shop\/?post_type=product&#038;p=51875"},"modified":"2026-01-21T07:24:56","modified_gmt":"2026-01-21T06:24:56","slug":"catharos-cosmetics-collageen-serum-30-ml","status":"publish","type":"product","link":"https:\/\/ctinternational.nl\/shop\/product\/catharos-cosmetics-collageen-serum-30-ml\/","title":{"rendered":"Catharos Cosmetics Collageen Serum 30 ml"},"content":{"rendered":"<div class=\"wpb-content-wrapper\"><p>[vc_row][vc_column][vc_column_text css=&#8221;&#8221;]<\/p>\n<h1>Catharos Cosmetics Collageen Serum 30 ml<\/h1>\n<p>Ervaar de kracht van ons verfijnde collageen serum, ontworpen om de natuurlijke collageensynthese te ondersteunen en de huid een voller, gladder en jeugdiger aanzien te geven. De zijdezachte textuur omhult de huid met een subtiele luxe en richt zich op de delicate oogcontouren en zones waar fijne lijntjes zich als eerste tonen.<\/p>\n<p><strong data-start=\"381\" data-end=\"393\">Gebruik:<\/strong><br data-start=\"393\" data-end=\"396\" \/>Breng het serum dagelijks aan op een perfect gereinigde huid, v\u00f3\u00f3r uw dag- of nachtcr\u00e8me. Dep of masseer het zachtjes in rond de ogen en op gebieden die extra verfijning verdienen.<\/p>\n<ul>\n<li>30 ml<\/li>\n<\/ul>\n<p>[\/vc_column_text][\/vc_column][\/vc_row]<\/p>\n<\/div>","protected":false},"excerpt":{"rendered":"<p>Speciaal geformuleerd gezichtsserum om de collageensynthese te stimuleren. Voor een zichtbaar voller en gladder uiterlijk.<\/p>\n","protected":false},"featured_media":53689,"template":"","meta":{"_monsterinsights_skip_tracking":false,"_monsterinsights_sitenote_active":false,"_monsterinsights_sitenote_note":"","_monsterinsights_sitenote_category":0},"product_brand":[],"product_cat":[1054,76,1053,1055],"product_tag":[],"class_list":{"0":"post-51875","1":"product","2":"type-product","3":"status-publish","4":"has-post-thumbnail","6":"product_cat-catharos-cosmetics-schoonheid","7":"product_cat-schoonheid","8":"product_cat-skincare","9":"product_cat-skincare-schoonheid","10":"description-off","12":"first","13":"instock","14":"taxable","15":"shipping-taxable","16":"product-type-simple"},"_links":{"self":[{"href":"https:\/\/ctinternational.nl\/shop\/wp-json\/wp\/v2\/product\/51875","targetHints":{"allow":["GET"]}}],"collection":[{"href":"https:\/\/ctinternational.nl\/shop\/wp-json\/wp\/v2\/product"}],"about":[{"href":"https:\/\/ctinternational.nl\/shop\/wp-json\/wp\/v2\/types\/product"}],"wp:featuredmedia":[{"embeddable":true,"href":"https:\/\/ctinternational.nl\/shop\/wp-json\/wp\/v2\/media\/53689"}],"wp:attachment":[{"href":"https:\/\/ctinternational.nl\/shop\/wp-json\/wp\/v2\/media?parent=51875"}],"wp:term":[{"taxonomy":"product_brand","embeddable":true,"href":"https:\/\/ctinternational.nl\/shop\/wp-json\/wp\/v2\/product_brand?post=51875"},{"taxonomy":"product_cat","embeddable":true,"href":"https:\/\/ctinternational.nl\/shop\/wp-json\/wp\/v2\/product_cat?post=51875"},{"taxonomy":"product_tag","embeddable":true,"href":"https:\/\/ctinternational.nl\/shop\/wp-json\/wp\/v2\/product_tag?post=51875"}],"curies":[{"name":"wp","href":"https:\/\/api.w.org\/{rel}","templated":true}]}}