{"id":50924,"date":"2025-07-02T13:21:46","date_gmt":"2025-07-02T11:21:46","guid":{"rendered":"https:\/\/ctinternational.nl\/shop\/?post_type=product&#038;p=50924"},"modified":"2025-09-27T16:01:27","modified_gmt":"2025-09-27T14:01:27","slug":"omnicut-2-0-vervangingsmesjes-cassette-10st","status":"publish","type":"product","link":"https:\/\/ctinternational.nl\/shop\/product\/omnicut-2-0-vervangingsmesjes-cassette-10st\/","title":{"rendered":"Omnicut 2.0 Cassette met vervangingsmesjes 10 st"},"content":{"rendered":"<h1>Omnicut 2.0 vervangingsmesjes cassette 10 st<\/h1>\n<p>De Omnicut 2.0 mesjes zijn ingebouwd in een kunststof cassette. Je vervangt de cassette in zijn geheel na iedere klant met \u00e9\u00e9n simpele klik. Hierdoor is de Omnicut 2.0 effici\u00ebnter dan ooit!<\/p>\n<p>De vernieuwde Omnicut 2.0 maakt het wisselen van mesjes eenvoudiger dan ooit. In plaats van te schroeven, klik je de mesjes gemakkelijk vast, wat schade aan de huls voorkomt en veel tijd bespaart. De cassette in zijn geheel desinfecteren in de <a href=\"https:\/\/ctinternational.nl\/shop\/product\/perfektan-2-liter\/\">Perfektan<\/a>.<\/p>\n<ul>\n<li>10 cassettes<\/li>\n<\/ul>\n","protected":false},"excerpt":{"rendered":"<p>Vervangmesjes voor de Omnicut 2.0 eeltfrees. Mesjes van de hoogste kwaliteit staal voor een snelle en perfecte verwijdering van eelt. Gebruik van de eelt frees levert u een besparing op van 15 minuten t.o.v. verwijdering van eelt met een mes.<\/p>\n","protected":false},"featured_media":46778,"template":"","meta":{"_monsterinsights_skip_tracking":false,"_monsterinsights_sitenote_active":false,"_monsterinsights_sitenote_note":"","_monsterinsights_sitenote_category":0},"product_brand":[],"product_cat":[75,89,91],"product_tag":[],"class_list":{"0":"post-50924","1":"product","2":"type-product","3":"status-publish","4":"has-post-thumbnail","6":"product_cat-pedicure","7":"product_cat-pedicure-motoren","8":"product_cat-toebehoren-pedicuremotoren","9":"description-off","11":"first","12":"instock","13":"taxable","14":"shipping-taxable","15":"product-type-simple"},"_links":{"self":[{"href":"https:\/\/ctinternational.nl\/shop\/wp-json\/wp\/v2\/product\/50924","targetHints":{"allow":["GET"]}}],"collection":[{"href":"https:\/\/ctinternational.nl\/shop\/wp-json\/wp\/v2\/product"}],"about":[{"href":"https:\/\/ctinternational.nl\/shop\/wp-json\/wp\/v2\/types\/product"}],"wp:featuredmedia":[{"embeddable":true,"href":"https:\/\/ctinternational.nl\/shop\/wp-json\/wp\/v2\/media\/46778"}],"wp:attachment":[{"href":"https:\/\/ctinternational.nl\/shop\/wp-json\/wp\/v2\/media?parent=50924"}],"wp:term":[{"taxonomy":"product_brand","embeddable":true,"href":"https:\/\/ctinternational.nl\/shop\/wp-json\/wp\/v2\/product_brand?post=50924"},{"taxonomy":"product_cat","embeddable":true,"href":"https:\/\/ctinternational.nl\/shop\/wp-json\/wp\/v2\/product_cat?post=50924"},{"taxonomy":"product_tag","embeddable":true,"href":"https:\/\/ctinternational.nl\/shop\/wp-json\/wp\/v2\/product_tag?post=50924"}],"curies":[{"name":"wp","href":"https:\/\/api.w.org\/{rel}","templated":true}]}}