{"id":50337,"date":"2025-05-02T11:52:59","date_gmt":"2025-05-02T09:52:59","guid":{"rendered":"https:\/\/ctinternational.nl\/shop\/?post_type=product&#038;p=50337"},"modified":"2026-02-19T11:53:42","modified_gmt":"2026-02-19T10:53:42","slug":"krauterhof-voet-en-beencreme-met-rode-wijnbladeren","status":"publish","type":"product","link":"https:\/\/ctinternational.nl\/shop\/product\/krauterhof-voet-en-beencreme-met-rode-wijnbladeren\/","title":{"rendered":"Kr\u00e4uterhof Voet- en beencr\u00e8me met Rode Wijnbladeren 250 ml"},"content":{"rendered":"<h1>Kr\u00e4uterhof Creme mit Rotem Winelaub<\/h1>\n<p>Deze intensieve voet- en beencr\u00e8me helpt bij zware vermoeide benen en stimuleert de bloedsomloop, waardoor de benen weer fris en fit aanvoelen.<\/p>\n<ul>\n<li>Stimuleert de bloedsomloop<\/li>\n<li>Verkoelend en verfrissend<\/li>\n<li>Vermindert zwelling en spataderen<\/li>\n<li>Voedt en hydrateert de huid<\/li>\n<li>250 ml<\/li>\n<\/ul>\n<p>&nbsp;<\/p>\n","protected":false},"excerpt":{"rendered":"<p>Hoogwaardige verzachtende voet- en beencr\u00e8me met rode druivenblad en paardenkastanje extract. Intensieve verzorging voor vermoeide voeten en benen.<\/p>\n","protected":false},"featured_media":50354,"template":"","meta":{"_monsterinsights_skip_tracking":false,"_monsterinsights_sitenote_active":false,"_monsterinsights_sitenote_note":"","_monsterinsights_sitenote_category":0},"product_brand":[],"product_cat":[159,77],"product_tag":[],"class_list":{"0":"post-50337","1":"product","2":"type-product","3":"status-publish","4":"has-post-thumbnail","6":"product_cat-relatiegeschenken","7":"product_cat-salon-benodigdheden","8":"description-off","10":"first","11":"instock","12":"taxable","13":"shipping-taxable","14":"product-type-simple"},"_links":{"self":[{"href":"https:\/\/ctinternational.nl\/shop\/wp-json\/wp\/v2\/product\/50337","targetHints":{"allow":["GET"]}}],"collection":[{"href":"https:\/\/ctinternational.nl\/shop\/wp-json\/wp\/v2\/product"}],"about":[{"href":"https:\/\/ctinternational.nl\/shop\/wp-json\/wp\/v2\/types\/product"}],"wp:featuredmedia":[{"embeddable":true,"href":"https:\/\/ctinternational.nl\/shop\/wp-json\/wp\/v2\/media\/50354"}],"wp:attachment":[{"href":"https:\/\/ctinternational.nl\/shop\/wp-json\/wp\/v2\/media?parent=50337"}],"wp:term":[{"taxonomy":"product_brand","embeddable":true,"href":"https:\/\/ctinternational.nl\/shop\/wp-json\/wp\/v2\/product_brand?post=50337"},{"taxonomy":"product_cat","embeddable":true,"href":"https:\/\/ctinternational.nl\/shop\/wp-json\/wp\/v2\/product_cat?post=50337"},{"taxonomy":"product_tag","embeddable":true,"href":"https:\/\/ctinternational.nl\/shop\/wp-json\/wp\/v2\/product_tag?post=50337"}],"curies":[{"name":"wp","href":"https:\/\/api.w.org\/{rel}","templated":true}]}}