{"id":48302,"date":"2025-02-13T15:26:51","date_gmt":"2025-02-13T14:26:51","guid":{"rendered":"https:\/\/ctinternational.nl\/shop\/?post_type=product&#038;p=48302"},"modified":"2025-05-10T12:35:26","modified_gmt":"2025-05-10T10:35:26","slug":"volatile-roomspray-slaap-lekker-100-ml","status":"publish","type":"product","link":"https:\/\/ctinternational.nl\/shop\/product\/volatile-roomspray-slaap-lekker-100-ml\/","title":{"rendered":"Volatile Roomspray Slaap Lekker 100 ml"},"content":{"rendered":"<h1>Volatile Roomspray Slaap Lekker 100 ml<\/h1>\n<p>Volatile roomsprays bieden de perfecte combinatie van eenvoud, duurzaamheid en een heerlijke geurbeleving. Een 100% natuurlijke luchtverfrisser voor het hele huis, zonder drijfgas!<\/p>\n<p>De Volatile Roomsprays zijn gemaakt van natuurlijke ingredi\u00ebnten en pure etherische oli\u00ebn. Een veilige en milieuvriendelijke manier om je omgeving op te frissen, een ontspannen sfeer te cre\u00ebren of balans te brengen in een ruimte.<\/p>\n<ul>\n<li>100% natuurlijk<\/li>\n<li>100 ml sprayflacon<\/li>\n<\/ul>\n<p class=\"h5 text-primary-800 mb-2\">Gebruiksaanwijzing:<\/p>\n<div class=\"item-content\">\n<p>1.Goed schudden voor gebruik<br \/>\n2.Verwijder de spraydop en spray je de roomspray in de richting die je wilt<br \/>\n3.Slechts een paar sprays zijn nodig<\/p>\n<p><strong><u>Let op:<\/u><\/strong><br \/>\nDe aanwezigheid van alcohol in de roomspray kan vlekken veroorzaken op gevoelige oppervlakken. Spray niet direct op meubels of textiel. Het is aan te raden om de roomspray na gebruik op een onderzetter te plaatsen. Plaats ook altijd de dop op de spraymond van de roomspray om lekkage te voorkomen.<\/p>\n<\/div>\n","protected":false},"excerpt":{"rendered":"<p>Roomspray Slaap lekker, een frisse en rustgevende geur om heerlijk bij in slaap te vallen. Met o.a. mandarijn, lavendel en laurier.<\/p>\n","protected":false},"featured_media":48305,"template":"","meta":{"_monsterinsights_skip_tracking":false,"_monsterinsights_sitenote_active":false,"_monsterinsights_sitenote_note":"","_monsterinsights_sitenote_category":0},"product_brand":[],"product_cat":[76,211,217],"product_tag":[],"class_list":{"0":"post-48302","1":"product","2":"type-product","3":"status-publish","4":"has-post-thumbnail","6":"product_cat-schoonheid","7":"product_cat-volatile-aromatherapie","8":"product_cat-volatile-roomsprays-diffusers","9":"description-off","11":"first","12":"instock","13":"taxable","14":"shipping-taxable","15":"product-type-simple"},"_links":{"self":[{"href":"https:\/\/ctinternational.nl\/shop\/wp-json\/wp\/v2\/product\/48302","targetHints":{"allow":["GET"]}}],"collection":[{"href":"https:\/\/ctinternational.nl\/shop\/wp-json\/wp\/v2\/product"}],"about":[{"href":"https:\/\/ctinternational.nl\/shop\/wp-json\/wp\/v2\/types\/product"}],"wp:featuredmedia":[{"embeddable":true,"href":"https:\/\/ctinternational.nl\/shop\/wp-json\/wp\/v2\/media\/48305"}],"wp:attachment":[{"href":"https:\/\/ctinternational.nl\/shop\/wp-json\/wp\/v2\/media?parent=48302"}],"wp:term":[{"taxonomy":"product_brand","embeddable":true,"href":"https:\/\/ctinternational.nl\/shop\/wp-json\/wp\/v2\/product_brand?post=48302"},{"taxonomy":"product_cat","embeddable":true,"href":"https:\/\/ctinternational.nl\/shop\/wp-json\/wp\/v2\/product_cat?post=48302"},{"taxonomy":"product_tag","embeddable":true,"href":"https:\/\/ctinternational.nl\/shop\/wp-json\/wp\/v2\/product_tag?post=48302"}],"curies":[{"name":"wp","href":"https:\/\/api.w.org\/{rel}","templated":true}]}}