{"id":47906,"date":"2025-01-24T11:22:25","date_gmt":"2025-01-24T10:22:25","guid":{"rendered":"https:\/\/ctinternational.nl\/shop\/?post_type=product&#038;p=47906"},"modified":"2025-05-03T07:41:39","modified_gmt":"2025-05-03T05:41:39","slug":"volatile-aromasteen-roos","status":"publish","type":"product","link":"https:\/\/ctinternational.nl\/shop\/product\/volatile-aromasteen-roos\/","title":{"rendered":"Volatile Aromasteen Roos"},"content":{"rendered":"<h1>Volatile Aromasteen Roos<\/h1>\n<p>Grote aromasteen. Een paar druppels Volatile essenti\u00eble olie of een mengsel van Volatile essenti\u00eble oli\u00ebn op de aromasteen druppelen en de geur zal de ruimte vullen.<\/p>\n<ul>\n<li>De olie trekt in de poreuze steen en verdampt geleidelijk<\/li>\n<li>Kleur wit<\/li>\n<li>10 cm<\/li>\n<\/ul>\n","protected":false},"excerpt":{"rendered":"<p>Grote Volatile aromasteen in mooie roos vorm.<\/p>\n","protected":false},"featured_media":47933,"template":"","meta":{"_monsterinsights_skip_tracking":false,"_monsterinsights_sitenote_active":false,"_monsterinsights_sitenote_note":"","_monsterinsights_sitenote_category":0},"product_brand":[],"product_cat":[159,77,76,211,217],"product_tag":[],"class_list":{"0":"post-47906","1":"product","2":"type-product","3":"status-publish","4":"has-post-thumbnail","6":"product_cat-relatiegeschenken","7":"product_cat-salon-benodigdheden","8":"product_cat-schoonheid","9":"product_cat-volatile-aromatherapie","10":"product_cat-volatile-roomsprays-diffusers","11":"description-off","13":"first","14":"instock","15":"taxable","16":"shipping-taxable","17":"product-type-simple"},"_links":{"self":[{"href":"https:\/\/ctinternational.nl\/shop\/wp-json\/wp\/v2\/product\/47906","targetHints":{"allow":["GET"]}}],"collection":[{"href":"https:\/\/ctinternational.nl\/shop\/wp-json\/wp\/v2\/product"}],"about":[{"href":"https:\/\/ctinternational.nl\/shop\/wp-json\/wp\/v2\/types\/product"}],"wp:featuredmedia":[{"embeddable":true,"href":"https:\/\/ctinternational.nl\/shop\/wp-json\/wp\/v2\/media\/47933"}],"wp:attachment":[{"href":"https:\/\/ctinternational.nl\/shop\/wp-json\/wp\/v2\/media?parent=47906"}],"wp:term":[{"taxonomy":"product_brand","embeddable":true,"href":"https:\/\/ctinternational.nl\/shop\/wp-json\/wp\/v2\/product_brand?post=47906"},{"taxonomy":"product_cat","embeddable":true,"href":"https:\/\/ctinternational.nl\/shop\/wp-json\/wp\/v2\/product_cat?post=47906"},{"taxonomy":"product_tag","embeddable":true,"href":"https:\/\/ctinternational.nl\/shop\/wp-json\/wp\/v2\/product_tag?post=47906"}],"curies":[{"name":"wp","href":"https:\/\/api.w.org\/{rel}","templated":true}]}}