{"id":44248,"date":"2024-06-04T14:46:48","date_gmt":"2024-06-04T12:46:48","guid":{"rendered":"https:\/\/ctinternational.nl\/shop\/?post_type=product&#038;p=44248"},"modified":"2024-06-04T16:43:49","modified_gmt":"2024-06-04T14:43:49","slug":"famous-releaf-dadi-scrub-gold-311-gr","status":"publish","type":"product","link":"https:\/\/ctinternational.nl\/shop\/product\/famous-releaf-dadi-scrub-gold-311-gr\/","title":{"rendered":"Famous Releaf Dadi&#8217; Scrub Gold 311 gr"},"content":{"rendered":"<h1>Famous Releaf Dadi\u2019 Scrub Gold 311 gr<\/h1>\n<p>Dadi\u2019 Scrub Gold wordt naar een hoger niveau getild met AU Complex. De combinatie van Allanto\u00efne, Ureum, Zout, Suiker en Puimsteen vormen samen de perfecte zachte combinatie voor deze scrub. Deze voet- en beenscrub verwijderd dode huidcellen, hierdoor voelt de huid heerlijk zacht aan. Deze huidscrub voor voeten en benen werkt tevens hydraterend. Gebaseerd op de multi award winning Dadi\u2019Oil met hetzelfde heerlijke aroma.<\/p>\n<ul>\n<li>Huidscrub, huidvernieuwing en hydratatie<\/li>\n<li>Super geschikt voor thuisgebruik<\/li>\n<li>De flacon is gemaakt van biologisch afbreekbaar suikerriet<\/li>\n<li>311 gram tube<\/li>\n<\/ul>\n<p>Gebruiksaanwijzing: Gebruik 1 theelepel, masseer hiermee de voeten en benen. Omwikkel de voeten en benen met een warme vochtige handdoek. Afspoelen met water.<\/p>\n<p>Ingredi\u00ebnten: AU Complex, ons kracht-ingredi\u00ebnt voor de perfecte pedicure, Allanto\u00efne, Ureum, Zout, Suiker en Puimsteen<\/p>\n","protected":false},"excerpt":{"rendered":"<p>Het wordt gebruikt voor de cosmetische verzorging van rode en gevoelige huid tussen de tenen en help bij de verzorging van voetschimmel.<\/p>\n","protected":false},"featured_media":44252,"template":"","meta":{"_monsterinsights_skip_tracking":false,"_monsterinsights_sitenote_active":false,"_monsterinsights_sitenote_note":"","_monsterinsights_sitenote_category":0},"product_brand":[],"product_cat":[503,75,154],"product_tag":[],"class_list":{"0":"post-44248","1":"product","2":"type-product","3":"status-publish","4":"has-post-thumbnail","6":"product_cat-dadi-oil-famous-releaf","7":"product_cat-pedicure","8":"product_cat-voetverzorgingsproducten","9":"description-off","11":"first","12":"instock","13":"taxable","14":"shipping-taxable","15":"product-type-simple"},"_links":{"self":[{"href":"https:\/\/ctinternational.nl\/shop\/wp-json\/wp\/v2\/product\/44248","targetHints":{"allow":["GET"]}}],"collection":[{"href":"https:\/\/ctinternational.nl\/shop\/wp-json\/wp\/v2\/product"}],"about":[{"href":"https:\/\/ctinternational.nl\/shop\/wp-json\/wp\/v2\/types\/product"}],"wp:featuredmedia":[{"embeddable":true,"href":"https:\/\/ctinternational.nl\/shop\/wp-json\/wp\/v2\/media\/44252"}],"wp:attachment":[{"href":"https:\/\/ctinternational.nl\/shop\/wp-json\/wp\/v2\/media?parent=44248"}],"wp:term":[{"taxonomy":"product_brand","embeddable":true,"href":"https:\/\/ctinternational.nl\/shop\/wp-json\/wp\/v2\/product_brand?post=44248"},{"taxonomy":"product_cat","embeddable":true,"href":"https:\/\/ctinternational.nl\/shop\/wp-json\/wp\/v2\/product_cat?post=44248"},{"taxonomy":"product_tag","embeddable":true,"href":"https:\/\/ctinternational.nl\/shop\/wp-json\/wp\/v2\/product_tag?post=44248"}],"curies":[{"name":"wp","href":"https:\/\/api.w.org\/{rel}","templated":true}]}}