{"id":44244,"date":"2024-06-04T12:06:53","date_gmt":"2024-06-04T10:06:53","guid":{"rendered":"https:\/\/ctinternational.nl\/shop\/?post_type=product&#038;p=44244"},"modified":"2026-03-25T15:43:32","modified_gmt":"2026-03-25T14:43:32","slug":"gehwol-soft-feet-mousse-125-ml","status":"publish","type":"product","link":"https:\/\/ctinternational.nl\/shop\/product\/gehwol-soft-feet-mousse-125-ml\/","title":{"rendered":"Gehwol Fusskraft Soft Feet Mousse 125 ml"},"content":{"rendered":"<h1>Gehwol Soft Feet Mousse 125 ml<\/h1>\n<p>Gehwol is al meer dan 150 jaar gespecialiseerd in voetproblematiek. Het Duitse bedrijf heeft veel kennis opgebouwd in het behandelen van voetproblemen zoals bijvoorbeeld schimmels, kloven, droge en gesprongen huid. Natuurlijke ingredi\u00ebnten hebben altijd aan de basis gestaan bij de ontwikkeling van Gehwol producten. De producten van Gehwol worden veelvuldig gebruikt door professionals zoals pedicures en sporters.<\/p>\n<p>Het assortiment van Gehwol bestaat uit 3 lijnen:<\/p>\n<p><strong>Gehwol Med<\/strong>: om direct ernstige voetklachten te behandelen en verbeteren.<\/p>\n<p><strong>Gehwol Fusskraft<\/strong>: een lijn met hoge concentraties actieve ingredi\u00ebnten om ernstige klachten onder controle te houden en te voorkomen.<\/p>\n<p><strong>Gehwol<\/strong>: een lijn om milde voetproblematiek onder controle te houden en te voorkomen.<\/p>\n<p>&nbsp;<\/p>\n<p>Gehwol Fusskraft Soft Feet Mousse is een snel absorberende, niet vettende structuur mousse voor normale tot droge huid. Een weldadig schuim met Alo\u00eb vera en olijfolie voor de verzorging van voet en onderbeen. Met diep werkende hyaluron en een hoge concentratie Alo\u00eb vera extract zorgen samen met de olijf- en avocado oli\u00ebn voor een lang werkend hydraterend effect op de huid.<\/p>\n<ul>\n<li>Gehwol \u201cFeel-Good\u201d verzorgingsserie<\/li>\n<li>Bijpassend product: Gehwol Fusskraft Soft Feet Peeling<\/li>\n<li>Voetenspa behandeling<\/li>\n<li>Geschikt voor diabetici<\/li>\n<li>125 ml<\/li>\n<\/ul>\n<p>Gebruik: Breng de mousse 1 \u00e0 2 keer per dag aan op voeten en benen en masseer zacht in.<\/p>\n<p>Consumenten adviesverkoopprijs \u20ac13,95<\/p>\n","protected":false},"excerpt":{"rendered":"<p>Gehwol Fusskraft Soft Feet Mousse met hyaluron, olijfolie en Alo\u00eb vera extract is geschikt voor de verzorging van een normale tot droge huid. Deze hydraterende mousse trekt snel in de huid en maakt de huid niet vet.<\/p>\n","protected":false},"featured_media":55417,"template":"","meta":{"_monsterinsights_skip_tracking":false,"_monsterinsights_sitenote_active":false,"_monsterinsights_sitenote_note":"","_monsterinsights_sitenote_category":0},"product_brand":[],"product_cat":[155,75,154],"product_tag":[],"class_list":{"0":"post-44244","1":"product","2":"type-product","3":"status-publish","4":"has-post-thumbnail","6":"product_cat-gehwol","7":"product_cat-pedicure","8":"product_cat-voetverzorgingsproducten","9":"description-off","11":"first","12":"instock","13":"taxable","14":"shipping-taxable","15":"product-type-simple"},"_links":{"self":[{"href":"https:\/\/ctinternational.nl\/shop\/wp-json\/wp\/v2\/product\/44244","targetHints":{"allow":["GET"]}}],"collection":[{"href":"https:\/\/ctinternational.nl\/shop\/wp-json\/wp\/v2\/product"}],"about":[{"href":"https:\/\/ctinternational.nl\/shop\/wp-json\/wp\/v2\/types\/product"}],"wp:featuredmedia":[{"embeddable":true,"href":"https:\/\/ctinternational.nl\/shop\/wp-json\/wp\/v2\/media\/55417"}],"wp:attachment":[{"href":"https:\/\/ctinternational.nl\/shop\/wp-json\/wp\/v2\/media?parent=44244"}],"wp:term":[{"taxonomy":"product_brand","embeddable":true,"href":"https:\/\/ctinternational.nl\/shop\/wp-json\/wp\/v2\/product_brand?post=44244"},{"taxonomy":"product_cat","embeddable":true,"href":"https:\/\/ctinternational.nl\/shop\/wp-json\/wp\/v2\/product_cat?post=44244"},{"taxonomy":"product_tag","embeddable":true,"href":"https:\/\/ctinternational.nl\/shop\/wp-json\/wp\/v2\/product_tag?post=44244"}],"curies":[{"name":"wp","href":"https:\/\/api.w.org\/{rel}","templated":true}]}}