{"id":40181,"date":"2023-07-13T12:10:27","date_gmt":"2023-07-13T10:10:27","guid":{"rendered":"https:\/\/ctinternational.nl\/shop\/?post_type=product&#038;p=40181"},"modified":"2024-04-09T18:44:53","modified_gmt":"2024-04-09T16:44:53","slug":"chi-skinspray-outdoor-100-ml","status":"publish","type":"product","link":"https:\/\/ctinternational.nl\/shop\/product\/chi-skinspray-outdoor-100-ml\/","title":{"rendered":"Chi Skinspray Outdoor 100 ml"},"content":{"rendered":"<h1>Chi Skinspray Outdoor 100 ml<\/h1>\n<p>Ideaal om op de huid te gebruiken wanneer je de natuur in gaat: naar bos, heide, park, festival of je eigen tuin.<br \/>\nDe Outdoor Skinspray is een 100% natuurlijke Skinspray met beschermende en verzorgende essenti\u00eble oli\u00ebn. Essentiele oli\u00ebn kunnen van grote waarde zijn bij insecten, als voorbehandeling van de huid maar ook na een beet.<\/p>\n<p>Rozenwater, lavendelwater en biologische alcohol zijn gemengd met de volgende effectieve essenti\u00eble oli\u00ebn: citroeneucalyptus, citronella, palmarosa, oregano, kruizemunt, pepermunt en ceder Virginia.<br \/>\nSamen verzorgen en verzachten ze de huid bij insectenbeten en bij een rode en ge\u00efrriteerde huid.<br \/>\n100% biologisch<\/p>\n<p>Gebruik:<br \/>\nSchudden voor gebruik. Spray op 20 tot 25 cm afstand op de armen, benen, nek en andere onbedekte huid.<br \/>\nTer verzorging en verzachting van de huid bij insectenbeten en een rode en ge\u00efrriteerde huid: direct op de huid sprayen.<\/p>\n<ul>\n<li>Let op:<br \/>\nNiet rechtstreeks in het gezicht sprayen.<br \/>\nNiet gebruiken bij kinderen jonger dan 3 jaar.<br \/>\nDeze spray zorgt niet voor een bescherming tegen de zon.<br \/>\nNiet gebruiken bij dieren!<br \/>\nGoed schudden voor gebruik.<br \/>\nBuiten bereik van kinderen houden.<\/li>\n<\/ul>\n","protected":false},"excerpt":{"rendered":"<p>De Outdoor Skinspray is een 100% natuurlijke Skinspray met beschermende en verzorgende essenti\u00eble oli\u00ebn. Essentiele olien kunnen van grote waarde zijn bij insecten, als voorbehandeling van de huid maar ook na een beet.<\/p>\n","protected":false},"featured_media":40268,"template":"","meta":{"_monsterinsights_skip_tracking":false,"_monsterinsights_sitenote_active":false,"_monsterinsights_sitenote_note":"","_monsterinsights_sitenote_category":0},"product_brand":[],"product_cat":[360,1002,76],"product_tag":[1072],"class_list":{"0":"post-40181","1":"product","2":"type-product","3":"status-publish","4":"has-post-thumbnail","6":"product_cat-chi-aromatherapie","7":"product_cat-chi-natuurlijke-verzorging","8":"product_cat-schoonheid","9":"product_tag-zomertopper","10":"description-off","12":"first","13":"instock","14":"taxable","15":"shipping-taxable","16":"product-type-simple"},"_links":{"self":[{"href":"https:\/\/ctinternational.nl\/shop\/wp-json\/wp\/v2\/product\/40181","targetHints":{"allow":["GET"]}}],"collection":[{"href":"https:\/\/ctinternational.nl\/shop\/wp-json\/wp\/v2\/product"}],"about":[{"href":"https:\/\/ctinternational.nl\/shop\/wp-json\/wp\/v2\/types\/product"}],"wp:featuredmedia":[{"embeddable":true,"href":"https:\/\/ctinternational.nl\/shop\/wp-json\/wp\/v2\/media\/40268"}],"wp:attachment":[{"href":"https:\/\/ctinternational.nl\/shop\/wp-json\/wp\/v2\/media?parent=40181"}],"wp:term":[{"taxonomy":"product_brand","embeddable":true,"href":"https:\/\/ctinternational.nl\/shop\/wp-json\/wp\/v2\/product_brand?post=40181"},{"taxonomy":"product_cat","embeddable":true,"href":"https:\/\/ctinternational.nl\/shop\/wp-json\/wp\/v2\/product_cat?post=40181"},{"taxonomy":"product_tag","embeddable":true,"href":"https:\/\/ctinternational.nl\/shop\/wp-json\/wp\/v2\/product_tag?post=40181"}],"curies":[{"name":"wp","href":"https:\/\/api.w.org\/{rel}","templated":true}]}}