{"id":40169,"date":"2023-07-12T16:56:26","date_gmt":"2023-07-12T14:56:26","guid":{"rendered":"https:\/\/ctinternational.nl\/shop\/?post_type=product&#038;p=40169"},"modified":"2025-10-27T09:53:23","modified_gmt":"2025-10-27T08:53:23","slug":"chi-pepermunt-olie-cultivar-10-ml","status":"publish","type":"product","link":"https:\/\/ctinternational.nl\/shop\/product\/chi-pepermunt-olie-cultivar-10-ml\/","title":{"rendered":"Chi Pepermunt Etherische Olie 10 ml"},"content":{"rendered":"<div class=\"wpb-content-wrapper\"><p>[vc_row][vc_column][vc_column_text css=&#8221;&#8221;]<\/p>\n<h1>Chi Pepermunt Etherische Olie 10 ml<\/h1>\n<p>Chi Natural Life, ontwikkelt en verkoopt natuurzuivere, eerlijke producten met een gegarandeerde kwaliteit.<\/p>\n<p>Pepermuntolie is een van de meest populaire aroma&#8217;s ter wereld. Je herkent de geur en smaak direct. Pepermunt zorgt voor een vrijere ademhaling. Op de huid, gemengd met een massage- of vette plantolie, verkoelt pepermunt de huid.<\/p>\n<h2><strong>Tip<\/strong><\/h2>\n<p>Wist je dat essenti\u00eble oli\u00ebn kunnen helpen om te focussen \u00e9n ook om goed te studeren? Oli\u00ebn die stimuleren en ons concentratievermogen verbeteren zijn zwarte peper, citroen, pepermunt en rozemarijn.<\/p>\n<p>Waarom kiezen voor Chi?<\/p>\n<ul>\n<li>40 jaar kennis en ervaring met aromatherapie!<\/li>\n<li>100% pure kracht uit de natuur<\/li>\n<li>Meest recente oogst van de hoogste kwaliteit<\/li>\n<li>Eigen productontwikkeling<\/li>\n<li>Eerlijke samenwerking met boeren over de hele wereld<\/li>\n<li>Eerlijke prijzen voor alle producten<\/li>\n<\/ul>\n<p>[\/vc_column_text][\/vc_column][\/vc_row]<\/p>\n<\/div>","protected":false},"excerpt":{"rendered":"<p>Deze frisse etherische olie zuivert de lucht en geeft een frisse geur in iedere ruimte.<\/p>\n","protected":false},"featured_media":52205,"template":"","meta":{"_monsterinsights_skip_tracking":false,"_monsterinsights_sitenote_active":false,"_monsterinsights_sitenote_note":"","_monsterinsights_sitenote_category":0},"product_brand":[],"product_cat":[360,1003,76],"product_tag":[],"class_list":{"0":"post-40169","1":"product","2":"type-product","3":"status-publish","4":"has-post-thumbnail","6":"product_cat-chi-aromatherapie","7":"product_cat-chi-etherische-olien","8":"product_cat-schoonheid","9":"description-off","11":"first","12":"instock","13":"taxable","14":"shipping-taxable","15":"product-type-simple"},"_links":{"self":[{"href":"https:\/\/ctinternational.nl\/shop\/wp-json\/wp\/v2\/product\/40169","targetHints":{"allow":["GET"]}}],"collection":[{"href":"https:\/\/ctinternational.nl\/shop\/wp-json\/wp\/v2\/product"}],"about":[{"href":"https:\/\/ctinternational.nl\/shop\/wp-json\/wp\/v2\/types\/product"}],"wp:featuredmedia":[{"embeddable":true,"href":"https:\/\/ctinternational.nl\/shop\/wp-json\/wp\/v2\/media\/52205"}],"wp:attachment":[{"href":"https:\/\/ctinternational.nl\/shop\/wp-json\/wp\/v2\/media?parent=40169"}],"wp:term":[{"taxonomy":"product_brand","embeddable":true,"href":"https:\/\/ctinternational.nl\/shop\/wp-json\/wp\/v2\/product_brand?post=40169"},{"taxonomy":"product_cat","embeddable":true,"href":"https:\/\/ctinternational.nl\/shop\/wp-json\/wp\/v2\/product_cat?post=40169"},{"taxonomy":"product_tag","embeddable":true,"href":"https:\/\/ctinternational.nl\/shop\/wp-json\/wp\/v2\/product_tag?post=40169"}],"curies":[{"name":"wp","href":"https:\/\/api.w.org\/{rel}","templated":true}]}}