{"id":38634,"date":"2023-04-11T14:32:32","date_gmt":"2023-04-11T12:32:32","guid":{"rendered":"https:\/\/ctinternational.nl\/shop\/?post_type=product&#038;p=38634"},"modified":"2025-12-01T15:17:16","modified_gmt":"2025-12-01T14:17:16","slug":"footlogix-exfoliating-seaweed-scrub-250-ml","status":"publish","type":"product","link":"https:\/\/ctinternational.nl\/shop\/product\/footlogix-exfoliating-seaweed-scrub-250-ml\/","title":{"rendered":"Footlogix Exfoliating Seaweed Scrub 250 ml"},"content":{"rendered":"<h1>Footlogix Exfoliating Seaweed Scrub 250 ml<\/h1>\n<p>Een unieke formule met hoogwaardige biologische microalgen.<\/p>\n<p>De scrub bevat een exclusieve mix van essenti\u00eble oli\u00ebn en puimsteen om de huid in alle zachtheid te exfoli\u00ebren.<\/p>\n<p>FOOTLOGIX\u00ae EXFOLIATING SEAWEED SCRUB is samengesteld uit alleen het beste ge\u00efmporteerde zeewier en is gemengd met essenti\u00eble oli\u00ebn en natuurlijk puimsteen met microkorrels<br \/>\no Deze uniek geurende, stimulerende, licht schuimende scrub haalt de dode huidcellen weg van de voeten en benen<br \/>\no Voor een subtiel glanzende huid<br \/>\no Dierproef VRIJ<\/p>\n<p>GEBRUIKSAANWIJZING:<br \/>\nBreng een kleine hoeveelheid Footlogix\u00ae EXFOLIATING SEAWEED SCRUB aan in je handpalm<br \/>\no Begin bij de voeten en breng de scrub aan in ronde bewegingen richting de kuiten en de dijbenen<br \/>\no Voeg water toe om de scrub de gewenste textuur te geven<br \/>\no Spoel het product af met water, dep zachtjes met een vochtige handdoek en dep vervolgens droog<\/p>\n","protected":false},"excerpt":{"rendered":"<p>Deze scrub bevat een exclusieve mix van essenti\u00eble oli\u00ebn, het beste zeewier en puimsteen om de huid in alle zachtheid te exfoli\u00ebren.<\/p>\n","protected":false},"featured_media":38753,"template":"","meta":{"_monsterinsights_skip_tracking":false,"_monsterinsights_sitenote_active":false,"_monsterinsights_sitenote_note":"","_monsterinsights_sitenote_category":0},"product_brand":[],"product_cat":[1065,75,154],"product_tag":[],"class_list":{"0":"post-38634","1":"product","2":"type-product","3":"status-publish","4":"has-post-thumbnail","6":"product_cat-footlogix","7":"product_cat-pedicure","8":"product_cat-voetverzorgingsproducten","9":"description-off","11":"first","12":"instock","13":"taxable","14":"shipping-taxable","15":"product-type-simple"},"_links":{"self":[{"href":"https:\/\/ctinternational.nl\/shop\/wp-json\/wp\/v2\/product\/38634","targetHints":{"allow":["GET"]}}],"collection":[{"href":"https:\/\/ctinternational.nl\/shop\/wp-json\/wp\/v2\/product"}],"about":[{"href":"https:\/\/ctinternational.nl\/shop\/wp-json\/wp\/v2\/types\/product"}],"wp:featuredmedia":[{"embeddable":true,"href":"https:\/\/ctinternational.nl\/shop\/wp-json\/wp\/v2\/media\/38753"}],"wp:attachment":[{"href":"https:\/\/ctinternational.nl\/shop\/wp-json\/wp\/v2\/media?parent=38634"}],"wp:term":[{"taxonomy":"product_brand","embeddable":true,"href":"https:\/\/ctinternational.nl\/shop\/wp-json\/wp\/v2\/product_brand?post=38634"},{"taxonomy":"product_cat","embeddable":true,"href":"https:\/\/ctinternational.nl\/shop\/wp-json\/wp\/v2\/product_cat?post=38634"},{"taxonomy":"product_tag","embeddable":true,"href":"https:\/\/ctinternational.nl\/shop\/wp-json\/wp\/v2\/product_tag?post=38634"}],"curies":[{"name":"wp","href":"https:\/\/api.w.org\/{rel}","templated":true}]}}