{"id":38289,"date":"2023-03-15T14:26:05","date_gmt":"2023-03-15T13:26:05","guid":{"rendered":"https:\/\/ctinternational.nl\/shop\/?post_type=product&#038;p=38289"},"modified":"2024-04-05T21:07:06","modified_gmt":"2024-04-05T19:07:06","slug":"famous-releaf-dadi-lotion-gold-130-gr","status":"publish","type":"product","link":"https:\/\/ctinternational.nl\/shop\/product\/famous-releaf-dadi-lotion-gold-130-gr\/","title":{"rendered":"Famous Releaf Dadi&#8217; Lotion Gold 130 gr"},"content":{"rendered":"<h1>Famous Releaf Dadi&#8217; Lotion Gold 130 gr<\/h1>\n<p>Bekroonde Luxury Dadi&#8217; Lotion met AU Complex. Een snel doordringende en niet-vette bodylotion voor voeten, handen en lichaam!<\/p>\n<ul>\n<li>Vochtvasthoudende formule verhoogt het vochtgehalte in de huid<\/li>\n<li>Gebaseerd op Dadi&#8217; Oil met hetzelfde heerlijke aroma<\/li>\n<li>Tube 130 gram<\/li>\n<\/ul>\n<p>Gebruiksaanwijzing: Gebruik naar behoefte op handen, voeten en lichaam.<\/p>\n<p>Ingredi\u00ebnten: AU-complex: krachtingredi\u00ebnt voor de perfecte pedicure. Combinatie van allanto\u00efne en ureum.<\/p>\n","protected":false},"excerpt":{"rendered":"<p>De bekroonde Luxury Dadi\u2019 Lotion gecombineerd met allanto\u00efne en ureum.<\/p>\n","protected":false},"featured_media":38292,"template":"","meta":{"_monsterinsights_skip_tracking":false,"_monsterinsights_sitenote_active":false,"_monsterinsights_sitenote_note":"","_monsterinsights_sitenote_category":0},"product_brand":[],"product_cat":[503,75,154],"product_tag":[],"class_list":{"0":"post-38289","1":"product","2":"type-product","3":"status-publish","4":"has-post-thumbnail","6":"product_cat-dadi-oil-famous-releaf","7":"product_cat-pedicure","8":"product_cat-voetverzorgingsproducten","9":"description-off","11":"first","12":"instock","13":"taxable","14":"shipping-taxable","15":"product-type-simple"},"_links":{"self":[{"href":"https:\/\/ctinternational.nl\/shop\/wp-json\/wp\/v2\/product\/38289","targetHints":{"allow":["GET"]}}],"collection":[{"href":"https:\/\/ctinternational.nl\/shop\/wp-json\/wp\/v2\/product"}],"about":[{"href":"https:\/\/ctinternational.nl\/shop\/wp-json\/wp\/v2\/types\/product"}],"wp:featuredmedia":[{"embeddable":true,"href":"https:\/\/ctinternational.nl\/shop\/wp-json\/wp\/v2\/media\/38292"}],"wp:attachment":[{"href":"https:\/\/ctinternational.nl\/shop\/wp-json\/wp\/v2\/media?parent=38289"}],"wp:term":[{"taxonomy":"product_brand","embeddable":true,"href":"https:\/\/ctinternational.nl\/shop\/wp-json\/wp\/v2\/product_brand?post=38289"},{"taxonomy":"product_cat","embeddable":true,"href":"https:\/\/ctinternational.nl\/shop\/wp-json\/wp\/v2\/product_cat?post=38289"},{"taxonomy":"product_tag","embeddable":true,"href":"https:\/\/ctinternational.nl\/shop\/wp-json\/wp\/v2\/product_tag?post=38289"}],"curies":[{"name":"wp","href":"https:\/\/api.w.org\/{rel}","templated":true}]}}