{"id":38266,"date":"2023-03-14T16:22:08","date_gmt":"2023-03-14T15:22:08","guid":{"rendered":"https:\/\/ctinternational.nl\/shop\/?post_type=product&#038;p=38266"},"modified":"2024-04-05T21:10:49","modified_gmt":"2024-04-05T19:10:49","slug":"famous-releaf-finish-124-ml","status":"publish","type":"product","link":"https:\/\/ctinternational.nl\/shop\/product\/famous-releaf-finish-124-ml\/","title":{"rendered":"Famous Releaf Finish 124 ml"},"content":{"rendered":"<h1>Famous Releaf Finish 124 ml<\/h1>\n<p>Verfrissende zelfdrogende spray voor voeten, handen en gezicht. De spray biedt bescherming tegen irritaties en ontstekingen. Gebaseerd op onze multi award winning Dadi&#8217;Oil met hetzelfde heerlijke aroma.<\/p>\n<ul>\n<li>Perfecte afsluiting voor de pedicure- en manicure behandeling<\/li>\n<li>Verkoelt en verfrist de huid<\/li>\n<li>Superieur \u2018AFTER SUN\u2019 product<\/li>\n<li>Verkoelend product voor na het sporten<\/li>\n<li>Sprayflacon 124 ml<\/li>\n<\/ul>\n<p>Gebruiksaanwijzing: Spray op de huid, laat drogen en dep overtollige vloeistof weg<\/p>\n<p>Ingredi\u00ebnten: AU Complex kracht-ingredi\u00ebnt voor de perfecte pedicure, een combinatie van Allanto\u00efne en Ureum<\/p>\n","protected":false},"excerpt":{"rendered":"<p>Verkoelende en verfrissende zelfdrogende spray voor voeten, handen en gezicht.<\/p>\n","protected":false},"featured_media":38286,"template":"","meta":{"_monsterinsights_skip_tracking":false,"_monsterinsights_sitenote_active":false,"_monsterinsights_sitenote_note":"","_monsterinsights_sitenote_category":0},"product_brand":[],"product_cat":[503,75,154],"product_tag":[],"class_list":{"0":"post-38266","1":"product","2":"type-product","3":"status-publish","4":"has-post-thumbnail","6":"product_cat-dadi-oil-famous-releaf","7":"product_cat-pedicure","8":"product_cat-voetverzorgingsproducten","9":"description-off","11":"first","12":"instock","13":"taxable","14":"shipping-taxable","15":"product-type-simple"},"_links":{"self":[{"href":"https:\/\/ctinternational.nl\/shop\/wp-json\/wp\/v2\/product\/38266","targetHints":{"allow":["GET"]}}],"collection":[{"href":"https:\/\/ctinternational.nl\/shop\/wp-json\/wp\/v2\/product"}],"about":[{"href":"https:\/\/ctinternational.nl\/shop\/wp-json\/wp\/v2\/types\/product"}],"wp:featuredmedia":[{"embeddable":true,"href":"https:\/\/ctinternational.nl\/shop\/wp-json\/wp\/v2\/media\/38286"}],"wp:attachment":[{"href":"https:\/\/ctinternational.nl\/shop\/wp-json\/wp\/v2\/media?parent=38266"}],"wp:term":[{"taxonomy":"product_brand","embeddable":true,"href":"https:\/\/ctinternational.nl\/shop\/wp-json\/wp\/v2\/product_brand?post=38266"},{"taxonomy":"product_cat","embeddable":true,"href":"https:\/\/ctinternational.nl\/shop\/wp-json\/wp\/v2\/product_cat?post=38266"},{"taxonomy":"product_tag","embeddable":true,"href":"https:\/\/ctinternational.nl\/shop\/wp-json\/wp\/v2\/product_tag?post=38266"}],"curies":[{"name":"wp","href":"https:\/\/api.w.org\/{rel}","templated":true}]}}