{"id":38049,"date":"2023-02-22T13:08:27","date_gmt":"2023-02-22T12:08:27","guid":{"rendered":"https:\/\/ctinternational.nl\/shop\/?post_type=product&#038;p=38049"},"modified":"2024-11-14T16:13:55","modified_gmt":"2024-11-14T15:13:55","slug":"gehwol-gerlasan-handcreme-75-ml","status":"publish","type":"product","link":"https:\/\/ctinternational.nl\/shop\/product\/gehwol-gerlasan-handcreme-75-ml\/","title":{"rendered":"Gehwol Gerlasan Handcr\u00e8me 75 ml"},"content":{"rendered":"<h1>Gehwol Gerlasan Handcr\u00e8me 75 ml<\/h1>\n<p>Gehwol is al meer dan 150 jaar gespecialiseerd in voetproblematiek. Het Duitse bedrijf heeft veel kennis opgebouwd in het behandelen van voetproblemen zoals bijvoorbeeld schimmels, kloven, droge en gesprongen huid. Natuurlijke ingredi\u00ebnten hebben altijd aan de basis gestaan bij de ontwikkeling van Gehwol producten. De producten van Gehwol worden veelvuldig gebruikt door professionals zoals pedicures en sporters.<\/p>\n<p>Het assortiment van Gehwol bestaat uit 3 lijnen:<\/p>\n<p><strong>Gehwol Med<\/strong>: om direct ernstige voetklachten te behandelen en verbeteren.<\/p>\n<p><strong>Gehwol Fusskraft<\/strong>: een lijn met hoge concentraties actieve ingredi\u00ebnten om ernstige klachten onder controle te houden en te voorkomen.<\/p>\n<p><strong>Gehwol<\/strong>: een lijn om milde voetproblematiek onder controle te houden en te voorkomen.<\/p>\n<p>&nbsp;<\/p>\n<p>Gehwol Gerlasan Handcr\u00e8me bestaat uit een combinatie van hoogwaardige ingredi\u00ebnten waaronder alo\u00eb vera, jojoba, tapioca en urea om overbelaste handen intensief te verzorgen en te hydrateren. De optimale bescherming wordt afgerond met bisabolol om de huid te kalmeren, panthenol om de regeneratie te ondersteunen en antimicrobi\u00eble ingredi\u00ebnten die schimmelziekten voorkomen.<\/p>\n<ul>\n<li>Tube 75 ml<\/li>\n<\/ul>\n","protected":false},"excerpt":{"rendered":"<p>Gehwol Gerlasan Handcr\u00e8me hydrateert, beschermt de huid en wordt gemakkelijk geabsorbeerd. Voor de dagelijkse verzorging van de handen.<\/p>\n","protected":false},"featured_media":38151,"template":"","meta":{"_monsterinsights_skip_tracking":false,"_monsterinsights_sitenote_active":false,"_monsterinsights_sitenote_note":"","_monsterinsights_sitenote_category":0},"product_brand":[],"product_cat":[155,75,154],"product_tag":[],"class_list":{"0":"post-38049","1":"product","2":"type-product","3":"status-publish","4":"has-post-thumbnail","6":"product_cat-gehwol","7":"product_cat-pedicure","8":"product_cat-voetverzorgingsproducten","9":"description-off","11":"first","12":"instock","13":"taxable","14":"shipping-taxable","15":"product-type-simple"},"_links":{"self":[{"href":"https:\/\/ctinternational.nl\/shop\/wp-json\/wp\/v2\/product\/38049","targetHints":{"allow":["GET"]}}],"collection":[{"href":"https:\/\/ctinternational.nl\/shop\/wp-json\/wp\/v2\/product"}],"about":[{"href":"https:\/\/ctinternational.nl\/shop\/wp-json\/wp\/v2\/types\/product"}],"wp:featuredmedia":[{"embeddable":true,"href":"https:\/\/ctinternational.nl\/shop\/wp-json\/wp\/v2\/media\/38151"}],"wp:attachment":[{"href":"https:\/\/ctinternational.nl\/shop\/wp-json\/wp\/v2\/media?parent=38049"}],"wp:term":[{"taxonomy":"product_brand","embeddable":true,"href":"https:\/\/ctinternational.nl\/shop\/wp-json\/wp\/v2\/product_brand?post=38049"},{"taxonomy":"product_cat","embeddable":true,"href":"https:\/\/ctinternational.nl\/shop\/wp-json\/wp\/v2\/product_cat?post=38049"},{"taxonomy":"product_tag","embeddable":true,"href":"https:\/\/ctinternational.nl\/shop\/wp-json\/wp\/v2\/product_tag?post=38049"}],"curies":[{"name":"wp","href":"https:\/\/api.w.org\/{rel}","templated":true}]}}