{"id":37220,"date":"2023-01-11T15:11:33","date_gmt":"2023-01-11T14:11:33","guid":{"rendered":"https:\/\/ctinternational.nl\/shop\/?post_type=product&#038;p=37220"},"modified":"2025-11-17T15:51:42","modified_gmt":"2025-11-17T14:51:42","slug":"refectocil-brow-lash-foam","status":"publish","type":"product","link":"https:\/\/ctinternational.nl\/shop\/product\/refectocil-brow-lash-foam\/","title":{"rendered":"Refectocil Brow &amp; Lash Foam"},"content":{"rendered":"<h1>RefectoCil Brow &amp; Lash Foam<\/h1>\n<h2>Refectocil producten<\/h2>\n<p>De perfecte voorbereiding voor elke wenkbrauw- of wimperbehandeling!<\/p>\n<p>De belangrijkste stap voor elke wenkbrauw- en wimperbehandeling: een diepe en grondige reiniging van het gebied rond de ogen en de wenkbrauwen!<br \/>\nEen make-up vrij werkgebied is de sleutel tot het bereiken van een optimale kleurintensiteit voor het kleuren, want schone wenkbrauwen zorgen ervoor dat de tinten goed kunnen worden geabsorbeerd.<\/p>\n<p>De Brow &amp; Lash Foam verwijdert moeiteloos make-upresten, kleine vuildeeltjes en overtollig vet. Door de romige en luchtige consistentie is het zeer gemakkelijk aan te brengen op de wenkbrauwen en wimpers v\u00f3\u00f3r een professionele behandeling. Het bevat Alo\u00eb Vera, dat de huid zacht en soepel maakt. De formule is aangenaam mild en kalmerend en verfrist de huid zonder haar uit te drogen.<\/p>\n<p>Met hydraterende alo\u00eb vera<br \/>\nHydraterend &amp; voedend<br \/>\nGeschikt voor alle huidtypes<br \/>\nGeschikt voor de gevoelige huid<\/p>\n","protected":false},"excerpt":{"rendered":"<p>Milde reiniging voor wimpers en wenkbrauwen, ook geschikt voor gevoelige huid.<\/p>\n","protected":false},"featured_media":37249,"template":"","meta":{"_monsterinsights_skip_tracking":false,"_monsterinsights_sitenote_active":false,"_monsterinsights_sitenote_note":"","_monsterinsights_sitenote_category":0},"product_brand":[],"product_cat":[209,76,201],"product_tag":[],"class_list":{"0":"post-37220","1":"product","2":"type-product","3":"status-publish","4":"has-post-thumbnail","6":"product_cat-refectocil","7":"product_cat-schoonheid","8":"product_cat-wimpers-en-wenkbrauwen","9":"description-off","11":"first","12":"instock","13":"taxable","14":"shipping-taxable","15":"product-type-simple"},"_links":{"self":[{"href":"https:\/\/ctinternational.nl\/shop\/wp-json\/wp\/v2\/product\/37220","targetHints":{"allow":["GET"]}}],"collection":[{"href":"https:\/\/ctinternational.nl\/shop\/wp-json\/wp\/v2\/product"}],"about":[{"href":"https:\/\/ctinternational.nl\/shop\/wp-json\/wp\/v2\/types\/product"}],"wp:featuredmedia":[{"embeddable":true,"href":"https:\/\/ctinternational.nl\/shop\/wp-json\/wp\/v2\/media\/37249"}],"wp:attachment":[{"href":"https:\/\/ctinternational.nl\/shop\/wp-json\/wp\/v2\/media?parent=37220"}],"wp:term":[{"taxonomy":"product_brand","embeddable":true,"href":"https:\/\/ctinternational.nl\/shop\/wp-json\/wp\/v2\/product_brand?post=37220"},{"taxonomy":"product_cat","embeddable":true,"href":"https:\/\/ctinternational.nl\/shop\/wp-json\/wp\/v2\/product_cat?post=37220"},{"taxonomy":"product_tag","embeddable":true,"href":"https:\/\/ctinternational.nl\/shop\/wp-json\/wp\/v2\/product_tag?post=37220"}],"curies":[{"name":"wp","href":"https:\/\/api.w.org\/{rel}","templated":true}]}}