{"id":3626,"date":"2017-07-18T11:22:58","date_gmt":"2017-07-18T09:22:58","guid":{"rendered":"http:\/\/ctinternational.test.hkbo.nl\/product\/refectocil-saline-solution-100-ml\/"},"modified":"2026-04-17T16:55:32","modified_gmt":"2026-04-17T14:55:32","slug":"refectocil-saline-solution-100-ml","status":"publish","type":"product","link":"https:\/\/ctinternational.nl\/shop\/product\/refectocil-saline-solution-100-ml\/","title":{"rendered":"Refectocil Saline Solution"},"content":{"rendered":"<h1>Refectocil Saline Solution<\/h1>\n<p>Refectocil Saline Solution 150 ml<\/p>\n<p>De Refectocil Saline Solution is ideaal om de wimpers te reinigen v\u00f3\u00f3r &#8216;de Curl&#8217; behandeling of n\u00e1 het verven. Dat garandeert bij de Refectocil Eyelash Curl een optimale werking van de permanentvloeistof. Eyelash Curl\/ Eyelash Lift: om een \u200b\u200boptimale hechting op de wimperrolletjes\/ Lifting Pads en een optimale werking van actieve stoffen te garanderen. Bij het verven van wenkbrauwen en wimpers voor het best mogelijke kleurresultaat.<\/p>\n<ul>\n<li>Inhoud: 150 ml<\/li>\n<li>Gebruikersadvies: Eerst ogen reinigen met de Refectocil Make-up remover, daarna ogen reinigen met Refectocil Saline Solution. Gebruik een paar druppels Saline Solution op een droog wattenschijfje en veeg zachtjes over het ooglid, de wimpers en wenkbrauwen.<\/li>\n<\/ul>\n","protected":false},"excerpt":{"rendered":"<p>Voor een optimaal resultaat reinig je de oogleden, wimpers en wenkbrauwen grondig met RefectoCil Saline Solution voor of na het aanbrengen van RefectoCil Eyelash Curl, RefectoCil Eyelash Lift of wimper- en wenkbrauwverf. Op deze manier worden de laatste residuen verwijderd, wat met name het effect van Eyelash Curl of Eyelash Lift zou kunnen aantasten.<\/p>\n<p>&nbsp;<\/p>\n<p>&nbsp;<\/p>\n","protected":false},"featured_media":46588,"template":"","meta":{"_monsterinsights_skip_tracking":false,"_monsterinsights_sitenote_active":false,"_monsterinsights_sitenote_note":"","_monsterinsights_sitenote_category":0},"product_brand":[],"product_cat":[209,76,201],"product_tag":[],"class_list":{"0":"post-3626","1":"product","2":"type-product","3":"status-publish","4":"has-post-thumbnail","6":"product_cat-refectocil","7":"product_cat-schoonheid","8":"product_cat-wimpers-en-wenkbrauwen","9":"description-off","11":"first","12":"instock","13":"taxable","14":"shipping-taxable","15":"product-type-simple"},"_links":{"self":[{"href":"https:\/\/ctinternational.nl\/shop\/wp-json\/wp\/v2\/product\/3626","targetHints":{"allow":["GET"]}}],"collection":[{"href":"https:\/\/ctinternational.nl\/shop\/wp-json\/wp\/v2\/product"}],"about":[{"href":"https:\/\/ctinternational.nl\/shop\/wp-json\/wp\/v2\/types\/product"}],"wp:featuredmedia":[{"embeddable":true,"href":"https:\/\/ctinternational.nl\/shop\/wp-json\/wp\/v2\/media\/46588"}],"wp:attachment":[{"href":"https:\/\/ctinternational.nl\/shop\/wp-json\/wp\/v2\/media?parent=3626"}],"wp:term":[{"taxonomy":"product_brand","embeddable":true,"href":"https:\/\/ctinternational.nl\/shop\/wp-json\/wp\/v2\/product_brand?post=3626"},{"taxonomy":"product_cat","embeddable":true,"href":"https:\/\/ctinternational.nl\/shop\/wp-json\/wp\/v2\/product_cat?post=3626"},{"taxonomy":"product_tag","embeddable":true,"href":"https:\/\/ctinternational.nl\/shop\/wp-json\/wp\/v2\/product_tag?post=3626"}],"curies":[{"name":"wp","href":"https:\/\/api.w.org\/{rel}","templated":true}]}}