{"id":34788,"date":"2022-06-17T11:11:47","date_gmt":"2022-06-17T09:11:47","guid":{"rendered":"https:\/\/ctinternational.nl\/shop\/?post_type=product&#038;p=34788"},"modified":"2024-10-31T12:17:37","modified_gmt":"2024-10-31T11:17:37","slug":"chi-happiness-mix-10-ml","status":"publish","type":"product","link":"https:\/\/ctinternational.nl\/shop\/product\/chi-happiness-mix-10-ml\/","title":{"rendered":"Chi Happiness Mix Olie 10 ml &#8211; Etherische Oli\u00ebn Mix"},"content":{"rendered":"<h1>Chi Happiness Mix Olie<\/h1>\n<p>Chi Natural Life, ontwikkelt en verkoopt natuurzuivere, eerlijke producten met een gegarandeerde kwaliteit.<\/p>\n<p>Happiness etherische mix olie is gecomponeerd uit de oli\u00ebn:<\/p>\n<ul>\n<li>De fruitige en frisse sinaasappel<\/li>\n<li>De warme citrusgeur van mandarijn<\/li>\n<li>De warme citrusgeur van bergamot<\/li>\n<li>De rijke geur van de zoete benzo\u00eb<\/li>\n<li>10 ml<\/li>\n<\/ul>\n<p>Waarom kiezen voor Chi?<\/p>\n<ul>\n<li>40 jaar kennis en ervaring met aromatherapie!<\/li>\n<li>100% pure kracht uit de natuur<\/li>\n<li>Meest recente oogst van de hoogste kwaliteit<\/li>\n<li>Eigen productontwikkeling<\/li>\n<li>Eerlijke samenwerking met boeren over de hele wereld<\/li>\n<li>Eerlijke prijzen voor alle producten<\/li>\n<\/ul>\n","protected":false},"excerpt":{"rendered":"<p>Happiness olie brengt een lekkere geur in huis \u00e9n een vrolijke sfeer. Van de geurcombinatie van de etherische oli\u00ebn van mandarijn, bergamot, sinaasappel en benzo\u00eb word je echt helemaal happy. Het is een perfecte combinatie van zoete, frisse en warme geurnoten. Het is daarom ook niet voor niets een van de populairste etherische olie composities van Chi.<\/p>\n","protected":false},"featured_media":44871,"template":"","meta":{"_monsterinsights_skip_tracking":false,"_monsterinsights_sitenote_active":false,"_monsterinsights_sitenote_note":"","_monsterinsights_sitenote_category":0},"product_brand":[],"product_cat":[360,1020,76],"product_tag":[],"class_list":{"0":"post-34788","1":"product","2":"type-product","3":"status-publish","4":"has-post-thumbnail","6":"product_cat-chi-aromatherapie","7":"product_cat-chi-etherisch-olien-mix","8":"product_cat-schoonheid","9":"description-off","11":"first","12":"instock","13":"taxable","14":"shipping-taxable","15":"product-type-simple"},"_links":{"self":[{"href":"https:\/\/ctinternational.nl\/shop\/wp-json\/wp\/v2\/product\/34788","targetHints":{"allow":["GET"]}}],"collection":[{"href":"https:\/\/ctinternational.nl\/shop\/wp-json\/wp\/v2\/product"}],"about":[{"href":"https:\/\/ctinternational.nl\/shop\/wp-json\/wp\/v2\/types\/product"}],"wp:featuredmedia":[{"embeddable":true,"href":"https:\/\/ctinternational.nl\/shop\/wp-json\/wp\/v2\/media\/44871"}],"wp:attachment":[{"href":"https:\/\/ctinternational.nl\/shop\/wp-json\/wp\/v2\/media?parent=34788"}],"wp:term":[{"taxonomy":"product_brand","embeddable":true,"href":"https:\/\/ctinternational.nl\/shop\/wp-json\/wp\/v2\/product_brand?post=34788"},{"taxonomy":"product_cat","embeddable":true,"href":"https:\/\/ctinternational.nl\/shop\/wp-json\/wp\/v2\/product_cat?post=34788"},{"taxonomy":"product_tag","embeddable":true,"href":"https:\/\/ctinternational.nl\/shop\/wp-json\/wp\/v2\/product_tag?post=34788"}],"curies":[{"name":"wp","href":"https:\/\/api.w.org\/{rel}","templated":true}]}}