{"id":34784,"date":"2022-06-16T16:51:10","date_gmt":"2022-06-16T14:51:10","guid":{"rendered":"https:\/\/ctinternational.nl\/shop\/?post_type=product&#038;p=34784"},"modified":"2024-10-31T12:09:46","modified_gmt":"2024-10-31T11:09:46","slug":"chi-bloemenweide-10ml","status":"publish","type":"product","link":"https:\/\/ctinternational.nl\/shop\/product\/chi-bloemenweide-10ml\/","title":{"rendered":"Chi Flowers Mix Olie 10 ml &#8211; Etherische Oli\u00ebn Mix"},"content":{"rendered":"<h1>Chi Flowers Mix Olie<\/h1>\n<p>Chi Natural Life, ontwikkelt en verkoopt natuurzuivere, eerlijke producten met een gegarandeerde kwaliteit.<\/p>\n<p>De Flowers mix is een mengsel van 8 verschillende essenti\u00eble oli\u00ebn, waaronder de stemmingsverbeterende biologische oli\u00ebn van bergamot, lavendel, lavandin en geranium! De Palmarosa en de benzo\u00eb zijn de warme componenten in deze olie maar daarnaast komen ook de superfrisse lemongrass en de zonnige petitgrain en sinaasappel naar voren. Flowers mix olie (voorheen Bloemenweide) is licht en fris. Door de aanwezigheid van citrusoli\u00ebn en petitgrain brengt deze olie zon en vrolijkheid in iedere kamer. Flowers is subtiel en zorgt voor een prettige sfeer tijdens vergaderingen en andere omstandigheden waar veel mensen bij elkaar komen.<\/p>\n<p>De essenti\u00eble oli\u00ebn in deze mix zijn:<\/p>\n<ul>\n<li>Sinaasappel<\/li>\n<li>Lavendel<\/li>\n<li>Lavandin<\/li>\n<li>Palmarosa<\/li>\n<li>Bergamot<\/li>\n<li>Benzo\u00eb<\/li>\n<li>Petitgrain<\/li>\n<li>Lemongrass<\/li>\n<li>Geranium<\/li>\n<li>10 ml<\/li>\n<\/ul>\n<p>Waarom kiezen voor Chi?<\/p>\n<ul>\n<li>40 jaar kennis en ervaring met aromatherapie!<\/li>\n<li>100% pure kracht uit de natuur<\/li>\n<li>Meest recente oogst van de hoogste kwaliteit<\/li>\n<li>Eigen productontwikkeling<\/li>\n<li>Eerlijke samenwerking met boeren over de hele wereld<\/li>\n<li>Eerlijke prijzen voor alle producten<\/li>\n<\/ul>\n","protected":false},"excerpt":{"rendered":"<p>De Flowers mix olie is een mengsel van 8 verschillende essenti\u00eble oli\u00ebn, waaronder de stemmingsverbeterende biologische oli\u00ebn van bergamot, lavendel en zelfs pure rozenolie!<\/p>\n","protected":false},"featured_media":44879,"template":"","meta":{"_monsterinsights_skip_tracking":false,"_monsterinsights_sitenote_active":false,"_monsterinsights_sitenote_note":"","_monsterinsights_sitenote_category":0},"product_brand":[],"product_cat":[360,1020,76],"product_tag":[],"class_list":{"0":"post-34784","1":"product","2":"type-product","3":"status-publish","4":"has-post-thumbnail","6":"product_cat-chi-aromatherapie","7":"product_cat-chi-etherisch-olien-mix","8":"product_cat-schoonheid","9":"description-off","11":"first","12":"instock","13":"taxable","14":"shipping-taxable","15":"product-type-simple"},"_links":{"self":[{"href":"https:\/\/ctinternational.nl\/shop\/wp-json\/wp\/v2\/product\/34784","targetHints":{"allow":["GET"]}}],"collection":[{"href":"https:\/\/ctinternational.nl\/shop\/wp-json\/wp\/v2\/product"}],"about":[{"href":"https:\/\/ctinternational.nl\/shop\/wp-json\/wp\/v2\/types\/product"}],"wp:featuredmedia":[{"embeddable":true,"href":"https:\/\/ctinternational.nl\/shop\/wp-json\/wp\/v2\/media\/44879"}],"wp:attachment":[{"href":"https:\/\/ctinternational.nl\/shop\/wp-json\/wp\/v2\/media?parent=34784"}],"wp:term":[{"taxonomy":"product_brand","embeddable":true,"href":"https:\/\/ctinternational.nl\/shop\/wp-json\/wp\/v2\/product_brand?post=34784"},{"taxonomy":"product_cat","embeddable":true,"href":"https:\/\/ctinternational.nl\/shop\/wp-json\/wp\/v2\/product_cat?post=34784"},{"taxonomy":"product_tag","embeddable":true,"href":"https:\/\/ctinternational.nl\/shop\/wp-json\/wp\/v2\/product_tag?post=34784"}],"curies":[{"name":"wp","href":"https:\/\/api.w.org\/{rel}","templated":true}]}}