{"id":33662,"date":"2022-04-02T02:27:45","date_gmt":"2022-04-02T00:27:45","guid":{"rendered":"https:\/\/ctinternational.nl\/shop\/?post_type=product&#038;p=33662"},"modified":"2025-12-10T11:05:41","modified_gmt":"2025-12-10T10:05:41","slug":"chi-flowers-airspray-50ml","status":"publish","type":"product","link":"https:\/\/ctinternational.nl\/shop\/product\/chi-flowers-airspray-50ml\/","title":{"rendered":"Chi Airspray Flowers 50 ml"},"content":{"rendered":"<h1>Chi Airspray Flowers 50 ml<\/h1>\n<p>De Flowers Airspray is een mengsel van 8 verschillende essenti\u00eble oli\u00ebn, waaronder de stemmingsverbeterende biologische oli\u00ebn van bergamot, lavendel en zelfs pure rozenolie!<\/p>\n<ul>\n<li>Recyclebare sprayflacon<\/li>\n<li>50 ml<\/li>\n<\/ul>\n<p>&nbsp;<\/p>\n<p>Chi Natural Life, ontwikkelt en verkoopt natuurzuivere, eerlijke producten met een gegarandeerde kwaliteit.<\/p>\n<p>Waarom kiezen voor Chi?<\/p>\n<ul>\n<li>40 jaar kennis en ervaring met aromatherapie!<\/li>\n<li>100% pure kracht uit de natuur<\/li>\n<li>Meest recente oogst van de hoogste kwaliteit<\/li>\n<li>Eigen productontwikkeling<\/li>\n<li>Eerlijke samenwerking met boeren over de hele wereld<\/li>\n<li>Eerlijke prijzen voor alle producten<\/li>\n<\/ul>\n","protected":false},"excerpt":{"rendered":"<p>De Flowers Airspray is een mengsel van 8 verschillende essenti\u00eble oli\u00ebn, waaronder de stemmingsverbeterende biologische oli\u00ebn van bergamot, lavendel en zelfs pure rozenolie!<\/p>\n","protected":false},"featured_media":53673,"template":"","meta":{"_monsterinsights_skip_tracking":false,"_monsterinsights_sitenote_active":false,"_monsterinsights_sitenote_note":"","_monsterinsights_sitenote_category":0},"product_brand":[],"product_cat":[1005,360,76],"product_tag":[],"class_list":{"0":"post-33662","1":"product","2":"type-product","3":"status-publish","4":"has-post-thumbnail","6":"product_cat-air-sprays-diffusers","7":"product_cat-chi-aromatherapie","8":"product_cat-schoonheid","9":"description-off","11":"first","12":"instock","13":"taxable","14":"shipping-taxable","15":"product-type-simple"},"_links":{"self":[{"href":"https:\/\/ctinternational.nl\/shop\/wp-json\/wp\/v2\/product\/33662","targetHints":{"allow":["GET"]}}],"collection":[{"href":"https:\/\/ctinternational.nl\/shop\/wp-json\/wp\/v2\/product"}],"about":[{"href":"https:\/\/ctinternational.nl\/shop\/wp-json\/wp\/v2\/types\/product"}],"wp:featuredmedia":[{"embeddable":true,"href":"https:\/\/ctinternational.nl\/shop\/wp-json\/wp\/v2\/media\/53673"}],"wp:attachment":[{"href":"https:\/\/ctinternational.nl\/shop\/wp-json\/wp\/v2\/media?parent=33662"}],"wp:term":[{"taxonomy":"product_brand","embeddable":true,"href":"https:\/\/ctinternational.nl\/shop\/wp-json\/wp\/v2\/product_brand?post=33662"},{"taxonomy":"product_cat","embeddable":true,"href":"https:\/\/ctinternational.nl\/shop\/wp-json\/wp\/v2\/product_cat?post=33662"},{"taxonomy":"product_tag","embeddable":true,"href":"https:\/\/ctinternational.nl\/shop\/wp-json\/wp\/v2\/product_tag?post=33662"}],"curies":[{"name":"wp","href":"https:\/\/api.w.org\/{rel}","templated":true}]}}