{"id":3007,"date":"2016-01-13T12:18:34","date_gmt":"2016-01-13T11:18:34","guid":{"rendered":"http:\/\/ctinternational.test.hkbo.nl\/product\/massageolie-warming-up-1000-ml\/"},"modified":"2025-09-22T11:00:39","modified_gmt":"2025-09-22T09:00:39","slug":"volatile-massageolie-warming-up-1000-ml-sportmassage-olie","status":"publish","type":"product","link":"https:\/\/ctinternational.nl\/shop\/product\/volatile-massageolie-warming-up-1000-ml-sportmassage-olie\/","title":{"rendered":"Volatile Massageolie Warming-up 1000 ml &#8211; Sportmassage olie"},"content":{"rendered":"<h1>Volatile Massageolie Warming-up Sportmassage olie<\/h1>\n<h2>Volatile Sportlijn<\/h2>\n<h3>Sportmassage olie<\/h3>\n<p>Etherische massageoli\u00ebn zijn niet meer weg te denken uit de sportwereld. De Volatile sport massageoli\u00ebn hebben een zeer goede werking op spieren, pezen, gewrichten, slijmbeurzen, bij kramp, tegen pijn en bij blessure. Speciaal voor sporters heeft Volatile de massageoli\u00ebn: Belaste spieren, Relax, Warming-up, Relief, Bij Stress, Winning mood en Nek\/Schouder.<\/p>\n<p>De sportmassage-olie Warming-up bevat 2,5% zuivere essenti\u00eble olie. Alle overige Volatile massage-oli\u00ebn bevatten 2% zuivere essenti\u00eble olie. De Volatile sportmassage-oli\u00ebn bevatten geen waterbasis, hierdoor zijn ze lang houdbaar en voelen niet koud aan op de huid.<\/p>\n<ul>\n<li>Makkelijk uit te smeren, ook over grote oppervlakten<\/li>\n<li>Zuinig in gebruik<\/li>\n<li>Geschikt voor elk huidtype<\/li>\n<li>Met o.a. de essenti\u00eble oli\u00ebn van pepermunt en rozemarijn<\/li>\n<li>1000 ml<\/li>\n<li>Sportmasseur<\/li>\n<li>Fysiotherapeut<\/li>\n<\/ul>\n","protected":false},"excerpt":{"rendered":"<p>Massageolie Warming-up wordt veel gebruikt in de sport om spieren voor te bereiden op de te ondernemen actie. Ook is deze olie geschikt voor mensen die zich grieperig of vermoeid voelen. Speciale Volatile sport massageolie.<\/p>\n","protected":false},"featured_media":45148,"template":"","meta":{"_monsterinsights_skip_tracking":false,"_monsterinsights_sitenote_active":false,"_monsterinsights_sitenote_note":"","_monsterinsights_sitenote_category":0},"product_brand":[],"product_cat":[76,211,216],"product_tag":[],"class_list":{"0":"post-3007","1":"product","2":"type-product","3":"status-publish","4":"has-post-thumbnail","6":"product_cat-schoonheid","7":"product_cat-volatile-aromatherapie","8":"product_cat-volatile-massage-olie-sport-olie","9":"description-off","11":"first","12":"instock","13":"taxable","14":"shipping-taxable","15":"product-type-simple"},"_links":{"self":[{"href":"https:\/\/ctinternational.nl\/shop\/wp-json\/wp\/v2\/product\/3007","targetHints":{"allow":["GET"]}}],"collection":[{"href":"https:\/\/ctinternational.nl\/shop\/wp-json\/wp\/v2\/product"}],"about":[{"href":"https:\/\/ctinternational.nl\/shop\/wp-json\/wp\/v2\/types\/product"}],"wp:featuredmedia":[{"embeddable":true,"href":"https:\/\/ctinternational.nl\/shop\/wp-json\/wp\/v2\/media\/45148"}],"wp:attachment":[{"href":"https:\/\/ctinternational.nl\/shop\/wp-json\/wp\/v2\/media?parent=3007"}],"wp:term":[{"taxonomy":"product_brand","embeddable":true,"href":"https:\/\/ctinternational.nl\/shop\/wp-json\/wp\/v2\/product_brand?post=3007"},{"taxonomy":"product_cat","embeddable":true,"href":"https:\/\/ctinternational.nl\/shop\/wp-json\/wp\/v2\/product_cat?post=3007"},{"taxonomy":"product_tag","embeddable":true,"href":"https:\/\/ctinternational.nl\/shop\/wp-json\/wp\/v2\/product_tag?post=3007"}],"curies":[{"name":"wp","href":"https:\/\/api.w.org\/{rel}","templated":true}]}}