{"id":27889,"date":"2020-05-26T16:45:54","date_gmt":"2020-05-26T14:45:54","guid":{"rendered":"https:\/\/ctinternational.nl\/shop\/?post_type=product&#038;p=27889"},"modified":"2023-12-12T18:35:49","modified_gmt":"2023-12-12T17:35:49","slug":"wandelolie-kaneel-verwarmend","status":"publish","type":"product","link":"https:\/\/ctinternational.nl\/shop\/product\/wandelolie-kaneel-verwarmend\/","title":{"rendered":"Wandelwol Wandelolie Kaneel Verwarmend"},"content":{"rendered":"<h1>Wandelwol Wandelolie Kaneel Verwarmend<\/h1>\n<p>Deze huidolie \u2013 een product van de Dames van WandelWol \u2013 wordt gemaakt met uitsluitend natuurlijke oli\u00ebn, zonder chemische, parabenen of synthetische toevoegingen. Als basis is gekozen voor olijfolie met een zestal essenti\u00eble oli\u00ebn met als mooie eigenschap dat deze een verzorgde, desinfecterende, rustgevende en ook verkwikkende werking hebben.<\/p>\n<ul>\n<li>Licht verwarmende olie voor o.a. koude voeten<\/li>\n<li>Bevat essenti\u00eble oli\u00ebn van kaneel, mandarijn, citroen, sinaasappel, macadamia, amandel en olijf<\/li>\n<li>Geschikt voor elk huidtype<\/li>\n<li>Positieve invloed op diverse soorten huidirritatie<\/li>\n<li>Zacht en aangename kaneel geur<\/li>\n<li>Voelt niet vettig aan<\/li>\n<li>Spray flacon van 150 ml<\/li>\n<li>Zuinig in gebruik<\/li>\n<\/ul>\n<p>Wandelolie is een mooie aanvulling op Wandelwol antidruk-wol. Wandelwol antidruk-wol bevat lanoline (wolvet). Om de voeten \u2013 na het verwijderen van de Wandewol antidruk-wol \u2013 toch de verzorgende werking van de lanoline te laten behouden kan daarvoor in de plaats WandelOlie worden gebruikt.<\/p>\n","protected":false},"excerpt":{"rendered":"<p>Heerlijke verwarmende huidolie die is verrijkt met kaneel. Zowel de geur, als het effect na het in masseren zorgen voor een heerlijk behaaglijk en relaxed gevoel.<\/p>\n","protected":false},"featured_media":36319,"template":"","meta":{"_monsterinsights_skip_tracking":false,"_monsterinsights_sitenote_active":false,"_monsterinsights_sitenote_note":"","_monsterinsights_sitenote_category":0},"product_brand":[],"product_cat":[167,75,113],"product_tag":[],"class_list":{"0":"post-27889","1":"product","2":"type-product","3":"status-publish","4":"has-post-thumbnail","6":"product_cat-antidruk-materialen","7":"product_cat-pedicure","8":"product_cat-specialisatie-pedicure","9":"description-off","11":"first","12":"instock","13":"taxable","14":"shipping-taxable","15":"product-type-simple"},"_links":{"self":[{"href":"https:\/\/ctinternational.nl\/shop\/wp-json\/wp\/v2\/product\/27889","targetHints":{"allow":["GET"]}}],"collection":[{"href":"https:\/\/ctinternational.nl\/shop\/wp-json\/wp\/v2\/product"}],"about":[{"href":"https:\/\/ctinternational.nl\/shop\/wp-json\/wp\/v2\/types\/product"}],"wp:featuredmedia":[{"embeddable":true,"href":"https:\/\/ctinternational.nl\/shop\/wp-json\/wp\/v2\/media\/36319"}],"wp:attachment":[{"href":"https:\/\/ctinternational.nl\/shop\/wp-json\/wp\/v2\/media?parent=27889"}],"wp:term":[{"taxonomy":"product_brand","embeddable":true,"href":"https:\/\/ctinternational.nl\/shop\/wp-json\/wp\/v2\/product_brand?post=27889"},{"taxonomy":"product_cat","embeddable":true,"href":"https:\/\/ctinternational.nl\/shop\/wp-json\/wp\/v2\/product_cat?post=27889"},{"taxonomy":"product_tag","embeddable":true,"href":"https:\/\/ctinternational.nl\/shop\/wp-json\/wp\/v2\/product_tag?post=27889"}],"curies":[{"name":"wp","href":"https:\/\/api.w.org\/{rel}","templated":true}]}}