{"id":27879,"date":"2020-05-26T16:44:33","date_gmt":"2020-05-26T14:44:33","guid":{"rendered":"https:\/\/ctinternational.nl\/shop\/?post_type=product&#038;p=27879"},"modified":"2023-12-12T18:37:34","modified_gmt":"2023-12-12T17:37:34","slug":"wandelolie-akkermint-verkoelend","status":"publish","type":"product","link":"https:\/\/ctinternational.nl\/shop\/product\/wandelolie-akkermint-verkoelend\/","title":{"rendered":"Wandelwol Wandelolie Akkermint Verkoelend"},"content":{"rendered":"<h1>Wandelwol Wandelolie Akkermint Verkoelend<\/h1>\n<p>Deze huidolie \u2013 een product van de Dames van WandelWol \u2013 wordt gemaakt met uitsluitend natuurlijke oli\u00ebn, zonder chemische, parabenen of synthetische toevoegingen. Als basis is gekozen voor olijfolie met een zestal essenti\u00eble oli\u00ebn met als mooie eigenschap dat deze een verzorgde, desinfecterende, rustgevende en ook verkwikkende werking hebben.<\/p>\n<ul>\n<li>Licht koelende huidolie<\/li>\n<li>Voor verlichting bij o.a. branderige warme voeten<\/li>\n<li>Bevat essenti\u00eble oli\u00ebn van akkermint, tea tree, mandarijn, sinaasappel, citroen, macadamia, amandel en olijf<\/li>\n<li>Geschikt voor elk huidtype<\/li>\n<li>Positieve invloed op diverse soorten huidirritaties<\/li>\n<li>In verband met teatree-olie is het beter om dit niet op het gezicht toe te passen<\/li>\n<li>Frisse mint geur<\/li>\n<li>Voelt niet vettig aan<\/li>\n<li>Spray flacon van 150 ml<\/li>\n<li>Zuinig in gebruik<\/li>\n<\/ul>\n<p>Wandelolie is een mooie aanvulling op Wandelwol antidruk-wol. Wandelwol antidruk-wol bevat lanoline (wolvet). Om de voeten \u2013 na het verwijderen van de Wandewol antidruk-wol \u2013 toch de verzorgende werking van de lanoline te laten behouden kan daarvoor in de plaats WandelOlie worden gebruikt.<\/p>\n<p>&nbsp;<\/p>\n<p>&nbsp;<\/p>\n","protected":false},"excerpt":{"rendered":"<p>Licht koelende, verkwikkende huidolie met een frisse mint-geur voor een energiek gevoel.<\/p>\n","protected":false},"featured_media":36318,"template":"","meta":{"_monsterinsights_skip_tracking":false,"_monsterinsights_sitenote_active":false,"_monsterinsights_sitenote_note":"","_monsterinsights_sitenote_category":0},"product_brand":[],"product_cat":[167,75,113],"product_tag":[],"class_list":{"0":"post-27879","1":"product","2":"type-product","3":"status-publish","4":"has-post-thumbnail","6":"product_cat-antidruk-materialen","7":"product_cat-pedicure","8":"product_cat-specialisatie-pedicure","9":"description-off","11":"first","12":"instock","13":"taxable","14":"shipping-taxable","15":"product-type-simple"},"_links":{"self":[{"href":"https:\/\/ctinternational.nl\/shop\/wp-json\/wp\/v2\/product\/27879","targetHints":{"allow":["GET"]}}],"collection":[{"href":"https:\/\/ctinternational.nl\/shop\/wp-json\/wp\/v2\/product"}],"about":[{"href":"https:\/\/ctinternational.nl\/shop\/wp-json\/wp\/v2\/types\/product"}],"wp:featuredmedia":[{"embeddable":true,"href":"https:\/\/ctinternational.nl\/shop\/wp-json\/wp\/v2\/media\/36318"}],"wp:attachment":[{"href":"https:\/\/ctinternational.nl\/shop\/wp-json\/wp\/v2\/media?parent=27879"}],"wp:term":[{"taxonomy":"product_brand","embeddable":true,"href":"https:\/\/ctinternational.nl\/shop\/wp-json\/wp\/v2\/product_brand?post=27879"},{"taxonomy":"product_cat","embeddable":true,"href":"https:\/\/ctinternational.nl\/shop\/wp-json\/wp\/v2\/product_cat?post=27879"},{"taxonomy":"product_tag","embeddable":true,"href":"https:\/\/ctinternational.nl\/shop\/wp-json\/wp\/v2\/product_tag?post=27879"}],"curies":[{"name":"wp","href":"https:\/\/api.w.org\/{rel}","templated":true}]}}