{"id":27618,"date":"2020-05-26T09:39:14","date_gmt":"2020-05-26T07:39:14","guid":{"rendered":"https:\/\/ctinternational.nl\/shop\/?post_type=product&#038;p=27618"},"modified":"2026-03-11T10:58:25","modified_gmt":"2026-03-11T09:58:25","slug":"gehwol-lipidro-creme-500-ml","status":"publish","type":"product","link":"https:\/\/ctinternational.nl\/shop\/product\/gehwol-lipidro-creme-500-ml\/","title":{"rendered":"Gehwol Med Lipidro Cr\u00e8me 500 ml"},"content":{"rendered":"<h1>Gehwol Med Lipidro Cr\u00e8me 500 ml<\/h1>\n<p>Gehwol is al meer dan 150 jaar gespecialiseerd in voetproblematiek. Het Duitse bedrijf heeft veel kennis opgebouwd in het behandelen van voetproblemen zoals bijvoorbeeld schimmels, kloven, droge en gesprongen huid. Natuurlijke ingredi\u00ebnten hebben altijd aan de basis gestaan bij de ontwikkeling van Gehwol producten. De producten van Gehwol worden veelvuldig gebruikt door professionals zoals pedicures en sporters.<\/p>\n<p>Het assortiment van Gehwol bestaat uit\u00a0 3 lijnen:<\/p>\n<p><strong>Gehwol Med<\/strong>: om direct ernstige voetklachten te behandelen en verbeteren.<\/p>\n<p><strong>Gehwol Fusskraft<\/strong>: een lijn met hoge concentraties actieve ingredi\u00ebnten om ernstige klachten onder controle te houden en te voorkomen.<\/p>\n<p><strong>Gehwol<\/strong>: een lijn om milde voetproblematiek onder controle te houden en te voorkomen.<\/p>\n<p>&nbsp;<\/p>\n<p>Gehwol Med Lipidro-Cr\u00e8me bevat hoogwaardige ingredi\u00ebnten zoals duindoornolie, avocado-olie en ureum voor de verzorging van de droge en gevoelige huid. Deze voetencr\u00e8me hersteld het gebrek aan lipiden en vocht in de huid en brengt de beschermende functie van de huid in balans.<\/p>\n<p>Dagelijks gebruik van Gehwol Med Lipidro Cr\u00e8me beschermt tegen voetengeur, voetschimmel en werkt ontstekingsremmend.<\/p>\n<ul>\n<li>Voor de (zeer) droge huid<\/li>\n<li>Geschikt voor diabetici<\/li>\n<li>500 ml pompflacon<\/li>\n<\/ul>\n","protected":false},"excerpt":{"rendered":"<p>Gehwol Med Lipidro Cr\u00e8me is speciaal bedoeld voor een (zeer) droge huid en zorgt voor een goede vet- en vochtbalans in de huid.<\/p>\n","protected":false},"featured_media":38010,"template":"","meta":{"_monsterinsights_skip_tracking":false,"_monsterinsights_sitenote_active":false,"_monsterinsights_sitenote_note":"","_monsterinsights_sitenote_category":0},"product_brand":[],"product_cat":[155,75,154],"product_tag":[],"class_list":{"0":"post-27618","1":"product","2":"type-product","3":"status-publish","4":"has-post-thumbnail","6":"product_cat-gehwol","7":"product_cat-pedicure","8":"product_cat-voetverzorgingsproducten","9":"description-off","11":"first","12":"instock","13":"taxable","14":"shipping-taxable","15":"product-type-simple"},"_links":{"self":[{"href":"https:\/\/ctinternational.nl\/shop\/wp-json\/wp\/v2\/product\/27618","targetHints":{"allow":["GET"]}}],"collection":[{"href":"https:\/\/ctinternational.nl\/shop\/wp-json\/wp\/v2\/product"}],"about":[{"href":"https:\/\/ctinternational.nl\/shop\/wp-json\/wp\/v2\/types\/product"}],"wp:featuredmedia":[{"embeddable":true,"href":"https:\/\/ctinternational.nl\/shop\/wp-json\/wp\/v2\/media\/38010"}],"wp:attachment":[{"href":"https:\/\/ctinternational.nl\/shop\/wp-json\/wp\/v2\/media?parent=27618"}],"wp:term":[{"taxonomy":"product_brand","embeddable":true,"href":"https:\/\/ctinternational.nl\/shop\/wp-json\/wp\/v2\/product_brand?post=27618"},{"taxonomy":"product_cat","embeddable":true,"href":"https:\/\/ctinternational.nl\/shop\/wp-json\/wp\/v2\/product_cat?post=27618"},{"taxonomy":"product_tag","embeddable":true,"href":"https:\/\/ctinternational.nl\/shop\/wp-json\/wp\/v2\/product_tag?post=27618"}],"curies":[{"name":"wp","href":"https:\/\/api.w.org\/{rel}","templated":true}]}}