{"id":21101,"date":"2020-05-20T15:28:09","date_gmt":"2020-05-20T13:28:09","guid":{"rendered":"http:\/\/ctinternational.test.hkbo.nl\/product\/gezichtsmasker-2-x-5-ml-aloe-vera-hyaluron\/"},"modified":"2025-02-28T20:49:50","modified_gmt":"2025-02-28T19:49:50","slug":"gezichtsmasker-2-x-5-ml-aloe-vera-hyaluron","status":"publish","type":"product","link":"https:\/\/ctinternational.nl\/shop\/product\/gezichtsmasker-2-x-5-ml-aloe-vera-hyaluron\/","title":{"rendered":"Schaebens Gezichtsmasker 2 x 5 ml (Aloe vera \/ Hyaluron)"},"content":{"rendered":"<h1>Schaebens Gezichtsmasker Hyaluron<\/h1>\n<h1>Schaebens Gezichtsmasker Aloe Vera<\/h1>\n<h2><\/h2>\n<h2>Hyaluron masker<\/h2>\n<p>Hyaluron verhoogt het vochtgehalte van de huid en houdt dit langdurig vast. De huid wordt optimaal gehydrateerd en droogtelijntjes verdwijnen.<\/p>\n<p>De combinatie met andere hydraterende actieve ingredi\u00ebnten maakt dit cr\u00e8memasker tot een effectieve hydro-booster voor de huid. Voedende oli\u00ebn uit de macadamianoot en sheaboter maken de huid glad, voeden deze en geven haar nieuwe elasticiteit en soepelheid.<\/p>\n<ul>\n<li>Hydraterend masker<\/li>\n<li>Vol en romig cr\u00e8memasker<\/li>\n<li>Ook geschikt om mee te masseren<\/li>\n<li>Geschikt voor de normale tot droge huid<\/li>\n<li>2 x 5 ml<\/li>\n<\/ul>\n<p>Gebruiksaanwijzing: Breng het masker gelijkmatig aan op een gereinigd gezicht. Vermijd het oog- en lipgebied. Na 10-15 minuten afwassen met warm water en<a href=\"https:\/\/ctinternational.nl\/shop\/product\/sponsjes-maxi-ovaal-10-stuks\/\"> maskersponzen<\/a>. Indien nodig 1-3 keer per week aanbrengen.<\/p>\n<h2><\/h2>\n<h2>Aloe Vera masker<\/h2>\n<p>De extracten van de woestijnplant alo\u00eb vera zijn rijk aan vitamines, minerale zouten en aminozuren. Alo\u00eb vera heeft ook herstellende eigenschappen en wordt vaak gebruikt voor de door de zon belaste huid. Dit masker bevat veel alo\u00eb vera en het is bewezen dat het de huidvochtigheid verhoogt.<\/p>\n<p>De rijke formule met duindoornextract, sheaboter en panthenol voedt en hersteld de huid.<\/p>\n<ul>\n<li>Verzachtend en kalmerend masker<\/li>\n<li>Geschikt voor ieder huidtype<\/li>\n<li>2x 5 ml<\/li>\n<\/ul>\n<p>Gebruiksaanwijzing: Breng het masker gelijkmatig aan op een gereinigd gezicht. Vermijd het oog- en lipgebied. Na 10-15 minuten afwassen met warm water en<a href=\"https:\/\/ctinternational.nl\/shop\/product\/sponsjes-maxi-ovaal-10-stuks\/\"> maskersponzen<\/a>. Indien nodig 1-3 keer per week aanbrengen.<\/p>\n<p>&nbsp;<\/p>\n<pre id=\"tw-target-text\" class=\"tw-data-text tw-text-large tw-ta\" dir=\"ltr\" data-placeholder=\"Vertaling\" data-ved=\"2ahUKEwiBxNfN4caCAxUOgP0HHSh6DkAQ3ewLegQIBRAQ\"><\/pre>\n","protected":false},"excerpt":{"rendered":"<p>Gezichtsmasker 2 x 5 ml (Aloe vera \/ Hyaluron)<\/p>\n","protected":false},"featured_media":26649,"template":"","meta":{"_monsterinsights_skip_tracking":false,"_monsterinsights_sitenote_active":false,"_monsterinsights_sitenote_note":"","_monsterinsights_sitenote_category":0},"product_brand":[],"product_cat":[1034,102,159,76],"product_tag":[],"class_list":{"0":"post-21101","1":"product","2":"type-product","3":"status-publish","4":"has-post-thumbnail","6":"product_cat-beauty-maskers","7":"product_cat-overige-salon-artikelen","8":"product_cat-relatiegeschenken","9":"product_cat-schoonheid","10":"pa_soort-aloe-vera","11":"pa_soort-hyaluron","12":"description-off","14":"first","15":"instock","16":"taxable","17":"shipping-taxable","18":"product-type-variable"},"_links":{"self":[{"href":"https:\/\/ctinternational.nl\/shop\/wp-json\/wp\/v2\/product\/21101","targetHints":{"allow":["GET"]}}],"collection":[{"href":"https:\/\/ctinternational.nl\/shop\/wp-json\/wp\/v2\/product"}],"about":[{"href":"https:\/\/ctinternational.nl\/shop\/wp-json\/wp\/v2\/types\/product"}],"wp:featuredmedia":[{"embeddable":true,"href":"https:\/\/ctinternational.nl\/shop\/wp-json\/wp\/v2\/media\/26649"}],"wp:attachment":[{"href":"https:\/\/ctinternational.nl\/shop\/wp-json\/wp\/v2\/media?parent=21101"}],"wp:term":[{"taxonomy":"product_brand","embeddable":true,"href":"https:\/\/ctinternational.nl\/shop\/wp-json\/wp\/v2\/product_brand?post=21101"},{"taxonomy":"product_cat","embeddable":true,"href":"https:\/\/ctinternational.nl\/shop\/wp-json\/wp\/v2\/product_cat?post=21101"},{"taxonomy":"product_tag","embeddable":true,"href":"https:\/\/ctinternational.nl\/shop\/wp-json\/wp\/v2\/product_tag?post=21101"}],"curies":[{"name":"wp","href":"https:\/\/api.w.org\/{rel}","templated":true}]}}