{"id":19773,"date":"2020-02-17T15:33:11","date_gmt":"2020-02-17T14:33:11","guid":{"rendered":"http:\/\/ctinternational.test.hkbo.nl\/product\/handschoenen-nitril-liox-200-st\/"},"modified":"2026-04-11T14:21:14","modified_gmt":"2026-04-11T12:21:14","slug":"handschoenen-nitril-liox-blauw-meditrade-200-st","status":"publish","type":"product","link":"https:\/\/ctinternational.nl\/shop\/product\/handschoenen-nitril-liox-blauw-meditrade-200-st\/","title":{"rendered":"Handschoenen Nitril Blauw LIOX met AMG technologie (Meditrade) 200 st"},"content":{"rendered":"<h1>Handschoenen Nitril LIOX Meditrade<\/h1>\n<p>Nitril Liox is de eerste onderzoekshandschoen met anti-micro bacteri\u00eble eigenschappen. Deze latex-vrije handschoen vorm in tegenstelling tot conventionele medische handschoenen niet alleen een passieve barri\u00e8re tegen bepaalde micro-organismen maar speelt daarom een actieve rol en dood tot 99,999% van een groot aantal ziekenhuis bacteri\u00ebn die jaarlijks de oorzaak zijn van vele besmettingen.<\/p>\n<p>De anti-micro bacteri\u00eble onderzoekshandschoen Nitril Liox biedt daardoor een actieve bescherming voor de gebruiker die op verschillende afdelingen werkzaam is binnen de gezondheidszorg.<\/p>\n<p>Een speciale coating aan de buitenzijde van de handschoen zorgt ervoor dat bepaalde micro-organismen actief gedood worden nadat ze in contact met elkaar komen.<\/p>\n<ul>\n<li>Een Actieve kleurstof die verwerkt wordt in deze coating veranderd gewone zuurstof in Singulett-Zuurstof zodra de handschoen in aanraking komt met licht en zuurstof.<\/li>\n<li>Deze Singulett-Zuurstof verwoest het cel-membraam van grampositieve bacteri\u00ebn waardoor dit zorgt voor het afsterven van deze getroffen micro-organismen.(o.a. van resistente bacteri\u00ebn zoals MRSA en VRE)<\/li>\n<li>De werkzaamheid van dit effect ligt bij 99.999% van deze bacteri\u00ebn. (Enterococcues Faecalis (VRE), MRSA, Staphylococcus aureaus, Streptoccus pyogenes, Klebsielle pneumonia, E. Coli)<\/li>\n<li>Zeer geschikt voor de medisch pedicure<\/li>\n<\/ul>\n<div class=\"wpb_text_column wpb_content_element \">\n<div class=\"wpb_wrapper\">\n<div id=\"js_6z3\" class=\"_5pbx userContent _3576\" data-ft=\"{&quot;tn&quot;:&quot;K&quot;}\">\n<div id=\"id_5abdf62e8d44c5b06026537\" class=\"text_exposed_root text_exposed\">\n<div class=\"text_exposed_show\"><\/div>\n<\/div>\n<\/div>\n<\/div>\n<\/div>\n<div class=\"wpb_text_column wpb_content_element \">\n<div class=\"wpb_wrapper\">\n<p><strong>Extra informatie: Gecertificeerd als PSA = persoonlijke beschermingsuitrusting volgens Europese norm EN 374, beschermen voor micro-organismen (Kat. III) zoals bacteri\u00ebn en virussen, GGD goedgekeurd.<\/strong><\/p>\n<p>Meer <a href=\"https:\/\/ctinternational.nl\/nieuws\/\">informatie<\/a><\/p>\n<\/div>\n<\/div>\n","protected":false},"excerpt":{"rendered":"<p>Nitril Liox is de eerste onderzoekshandschoen met anti-micro bacteri\u00eble eigenschappen. Deze latex-vrije handschoenen hebben een barri\u00e8re tegen bepaalde micro-organismen en dood tot 99,999% van een groot aantal ziekenhuis bacteri\u00ebn die jaarlijks de oorzaak zijn van vele besmettingen.<\/p>\n<p>&nbsp;<\/p>\n","protected":false},"featured_media":19774,"template":"","meta":{"_monsterinsights_skip_tracking":false,"_monsterinsights_sitenote_active":false,"_monsterinsights_sitenote_note":"","_monsterinsights_sitenote_category":0},"product_brand":[],"product_cat":[75,277,80,77],"product_tag":[],"class_list":{"0":"post-19773","1":"product","2":"type-product","3":"status-publish","4":"has-post-thumbnail","6":"product_cat-pedicure","7":"product_cat-persoonlijke-bescherming","8":"product_cat-salon-artikelen","9":"product_cat-salon-benodigdheden","10":"pa_maat-l-large","11":"pa_maat-m-medium","12":"pa_maat-s-small","13":"pa_maat-xs-extra-small","14":"description-off","16":"first","17":"instock","18":"taxable","19":"shipping-taxable","20":"product-type-variable"},"_links":{"self":[{"href":"https:\/\/ctinternational.nl\/shop\/wp-json\/wp\/v2\/product\/19773","targetHints":{"allow":["GET"]}}],"collection":[{"href":"https:\/\/ctinternational.nl\/shop\/wp-json\/wp\/v2\/product"}],"about":[{"href":"https:\/\/ctinternational.nl\/shop\/wp-json\/wp\/v2\/types\/product"}],"wp:featuredmedia":[{"embeddable":true,"href":"https:\/\/ctinternational.nl\/shop\/wp-json\/wp\/v2\/media\/19774"}],"wp:attachment":[{"href":"https:\/\/ctinternational.nl\/shop\/wp-json\/wp\/v2\/media?parent=19773"}],"wp:term":[{"taxonomy":"product_brand","embeddable":true,"href":"https:\/\/ctinternational.nl\/shop\/wp-json\/wp\/v2\/product_brand?post=19773"},{"taxonomy":"product_cat","embeddable":true,"href":"https:\/\/ctinternational.nl\/shop\/wp-json\/wp\/v2\/product_cat?post=19773"},{"taxonomy":"product_tag","embeddable":true,"href":"https:\/\/ctinternational.nl\/shop\/wp-json\/wp\/v2\/product_tag?post=19773"}],"curies":[{"name":"wp","href":"https:\/\/api.w.org\/{rel}","templated":true}]}}