{"id":17720,"date":"2019-09-04T13:47:17","date_gmt":"2019-09-04T11:47:17","guid":{"rendered":"http:\/\/ctinternational.test.hkbo.nl\/product\/bepanthen-verz-creme-30-gr\/"},"modified":"2025-03-05T15:44:33","modified_gmt":"2025-03-05T14:44:33","slug":"bepanthen-verzorgende-creme-30-gr","status":"publish","type":"product","link":"https:\/\/ctinternational.nl\/shop\/product\/bepanthen-verzorgende-creme-30-gr\/","title":{"rendered":"Bepanthen Verzorgende Cr\u00e8me 30 gr"},"content":{"rendered":"<h1>Bepanthen Verzorgende Cr\u00e8me 30 gr<\/h1>\n<p>Deze cr\u00e8me bestaat voor het grootste gedeelte uit water waaraan vet is toegevoegd. Bepanthen cr\u00e8me smeert vrij gemakkelijk uit en trekt snel in. Een cr\u00e8me heeft een beschermende, verzachtende en verfrissende invloed op de huid.<\/p>\n<ul>\n<li>Dagcr\u00e8me voor dagelijkse hydratatie van de huid<\/li>\n<li>Verzorgt, verzacht en verfrist de droge, geprikkelde huid<\/li>\n<li>Ondersteunt het natuurlijke huidherstel<\/li>\n<li>Smeert gemakkelijk uit, trekt snel in<\/li>\n<li>Zonder parfum en\u00a0kleurstoffen<\/li>\n<li>Na blootstelling aan de zon<\/li>\n<li>30 gram tube<\/li>\n<\/ul>\n","protected":false},"excerpt":{"rendered":"<p>Bepanthen Verzorgende Cr\u00e8me is een cr\u00e8me die het natuurlijke huidherstel ondersteunt. De cr\u00e8me verzorgt, verzacht en verfrist de geprikkelde huid na het aanbrengen. De huid voelt weer soepel en fris aan.<\/p>\n","protected":false},"featured_media":48428,"template":"","meta":{"_monsterinsights_skip_tracking":false,"_monsterinsights_sitenote_active":false,"_monsterinsights_sitenote_note":"","_monsterinsights_sitenote_category":0},"product_brand":[],"product_cat":[75,165,154],"product_tag":[],"class_list":{"0":"post-17720","1":"product","2":"type-product","3":"status-publish","4":"has-post-thumbnail","6":"product_cat-pedicure","7":"product_cat-risicovoet","8":"product_cat-voetverzorgingsproducten","9":"description-off","11":"first","12":"instock","13":"taxable","14":"shipping-taxable","15":"product-type-simple"},"_links":{"self":[{"href":"https:\/\/ctinternational.nl\/shop\/wp-json\/wp\/v2\/product\/17720","targetHints":{"allow":["GET"]}}],"collection":[{"href":"https:\/\/ctinternational.nl\/shop\/wp-json\/wp\/v2\/product"}],"about":[{"href":"https:\/\/ctinternational.nl\/shop\/wp-json\/wp\/v2\/types\/product"}],"wp:featuredmedia":[{"embeddable":true,"href":"https:\/\/ctinternational.nl\/shop\/wp-json\/wp\/v2\/media\/48428"}],"wp:attachment":[{"href":"https:\/\/ctinternational.nl\/shop\/wp-json\/wp\/v2\/media?parent=17720"}],"wp:term":[{"taxonomy":"product_brand","embeddable":true,"href":"https:\/\/ctinternational.nl\/shop\/wp-json\/wp\/v2\/product_brand?post=17720"},{"taxonomy":"product_cat","embeddable":true,"href":"https:\/\/ctinternational.nl\/shop\/wp-json\/wp\/v2\/product_cat?post=17720"},{"taxonomy":"product_tag","embeddable":true,"href":"https:\/\/ctinternational.nl\/shop\/wp-json\/wp\/v2\/product_tag?post=17720"}],"curies":[{"name":"wp","href":"https:\/\/api.w.org\/{rel}","templated":true}]}}