{"id":1239,"date":"2012-03-27T10:59:14","date_gmt":"2012-03-27T08:59:14","guid":{"rendered":"http:\/\/ctinternational.test.hkbo.nl\/product\/massageolie-pain-free-1000-ml\/"},"modified":"2025-09-22T11:08:44","modified_gmt":"2025-09-22T09:08:44","slug":"volatile-massageolie-relief-1000-ml-sportmassage-olie","status":"publish","type":"product","link":"https:\/\/ctinternational.nl\/shop\/product\/volatile-massageolie-relief-1000-ml-sportmassage-olie\/","title":{"rendered":"Volatile Massageolie Relief 1000 ml &#8211; Sportmassage olie"},"content":{"rendered":"<h1>Volatile Massageolie Relief Sportmassage olie<\/h1>\n<h2>Volatile Sportlijn<\/h2>\n<h3>Sportmassage olie<\/h3>\n<p>Etherische massageoli\u00ebn zijn niet meer weg te denken uit de sportwereld. De Volatile sport massageoli\u00ebn hebben een zeer goede werking op spieren, pezen, gewrichten, slijmbeurzen, bij kramp, tegen pijn en bij blessure. Speciaal voor sporters heeft Volatile de massageoli\u00ebn: Belaste spieren, Relax, Warming-up, Relief, Bij Stress, Winning mood en Nek\/Schouder.<\/p>\n<p>De sportmassage-olie Relief bevat 2,5% zuivere essenti\u00eble olie. Alle overige Volatile massage-oli\u00ebn bevatten 2% zuivere essenti\u00eble olie. De Volatile sportmassage-oli\u00ebn bevatten geen waterbasis, hierdoor zijn ze lang houdbaar en voelen niet koud aan op de huid.<\/p>\n<ul>\n<li>Makkelijk uit te smeren, ook over grote oppervlakten<\/li>\n<li>Zuinig in gebruik<\/li>\n<li>Geschikt voor elk huidtype<\/li>\n<li>Met o.a. citroen, geranium, kaneelblad, rozemarijn en tea tree<\/li>\n<li>1000 ml<\/li>\n<li>Sportmasseur<\/li>\n<li>Fysiotherapeut<\/li>\n<\/ul>\n<p><strong>Massageolie Relief<\/strong> biedt de perfecte combinatie van verlichting en herstel bij blessures. Met een samenstelling van 10% jojoba en 90% amandelolie, levert deze olie intensieve hydratatie en voeding voor de huid. De toevoeging van essenti\u00eble oli\u00ebn van citroen, geranium, kaneelblad, rozemarijn en tea tree zorgt voor een krachtig herstel en verlichting van blessures.<\/p>\n<ul>\n<li><strong>Citroenolie<\/strong> staat bekend om zijn ontstekingsremmende eigenschappen, die helpen bij het verminderen van zwelling en pijn.<\/li>\n<li><strong>Geraniumolie<\/strong> verbetert de doorbloeding, wat essentieel is voor het herstel van beschadigde weefsels.<\/li>\n<li><strong>Kaneelbladolie<\/strong> verwarmt de spieren, vermindert stijfheid en bevordert ontspanning.<\/li>\n<li><strong>Rozemarijnolie<\/strong> stimuleert de bloedsomloop en versnelt het herstelproces.<\/li>\n<li><strong>Tea tree olie<\/strong> biedt antiseptische voordelen, helpt bij het voorkomen van infecties en versnelt het genezingsproces.<\/li>\n<\/ul>\n","protected":false},"excerpt":{"rendered":"<p>Massageolie Relief zorgt voor verlichting en herstel bij blessures. Masseer met deze olie de pijnlijke plekken ter verzorging en verzachting. Speciale Volatile sport massageolie.<\/p>\n<p>&nbsp;<\/p>\n","protected":false},"featured_media":35106,"template":"","meta":{"_monsterinsights_skip_tracking":false,"_monsterinsights_sitenote_active":false,"_monsterinsights_sitenote_note":"","_monsterinsights_sitenote_category":0},"product_brand":[],"product_cat":[76,211,216],"product_tag":[],"class_list":{"0":"post-1239","1":"product","2":"type-product","3":"status-publish","4":"has-post-thumbnail","6":"product_cat-schoonheid","7":"product_cat-volatile-aromatherapie","8":"product_cat-volatile-massage-olie-sport-olie","9":"description-off","11":"first","12":"instock","13":"taxable","14":"shipping-taxable","15":"product-type-simple"},"_links":{"self":[{"href":"https:\/\/ctinternational.nl\/shop\/wp-json\/wp\/v2\/product\/1239","targetHints":{"allow":["GET"]}}],"collection":[{"href":"https:\/\/ctinternational.nl\/shop\/wp-json\/wp\/v2\/product"}],"about":[{"href":"https:\/\/ctinternational.nl\/shop\/wp-json\/wp\/v2\/types\/product"}],"wp:featuredmedia":[{"embeddable":true,"href":"https:\/\/ctinternational.nl\/shop\/wp-json\/wp\/v2\/media\/35106"}],"wp:attachment":[{"href":"https:\/\/ctinternational.nl\/shop\/wp-json\/wp\/v2\/media?parent=1239"}],"wp:term":[{"taxonomy":"product_brand","embeddable":true,"href":"https:\/\/ctinternational.nl\/shop\/wp-json\/wp\/v2\/product_brand?post=1239"},{"taxonomy":"product_cat","embeddable":true,"href":"https:\/\/ctinternational.nl\/shop\/wp-json\/wp\/v2\/product_cat?post=1239"},{"taxonomy":"product_tag","embeddable":true,"href":"https:\/\/ctinternational.nl\/shop\/wp-json\/wp\/v2\/product_tag?post=1239"}],"curies":[{"name":"wp","href":"https:\/\/api.w.org\/{rel}","templated":true}]}}