{"id":1067,"date":"2012-03-19T21:46:11","date_gmt":"2012-03-19T20:46:11","guid":{"rendered":"http:\/\/ctinternational.test.hkbo.nl\/product\/refectocil-ontwikkelings-creme-3\/"},"modified":"2026-04-17T16:47:29","modified_gmt":"2026-04-17T14:47:29","slug":"refectocil-ontwikkelings-creme-3","status":"publish","type":"product","link":"https:\/\/ctinternational.nl\/shop\/product\/refectocil-ontwikkelings-creme-3\/","title":{"rendered":"Refectocil Oxidant Cr\u00e8me 3% &#8211; Waterstofperoxide ontwikkelaar"},"content":{"rendered":"<h1>Refectocil Oxidant Cr\u00e8me 3% Waterstofperoxide<\/h1>\n<h2>Refectocil ontwikkelingscr\u00e8me<\/h2>\n<p>Een perfecte kleurdekking met Refectocil wimper- en wenkbrauwverf bereik je met oxidant 3%. De Refectocil Oxidant Cr\u00e8me 3% zorgt er na vermenging voor dat de substantie minder zal uitlopen en zich nauwkeuriger laat aanbrengen. Refectocil Blonde Brow mag alleen worden gebruikt met RefectoCil Oxidant-cr\u00e8me.<\/p>\n<ul>\n<li>100 ml<\/li>\n<\/ul>\n<p>Gebruiksaanwijzing: Reinig de wimpers en\/ of wenkbrauwen met de Refectocil Micellar Eye Make Up Remover en Refectocil Saline Solution. Bescherm de huid rondom de wenkbrauwen met Refectocil Skin Protection Cream. De huid onder de ogen bescherm je met de Refectocil Silicone Pads, Wimperblaadjes of Eye Care Pads. Meng voor een optimaal resultaat 1 cm verf met 7 druppels Oxidant Cr\u00e8me 3%. Voor de Blond Brow gebruik je 2 cm Blond Brow met 25 druppels Oxidant Cr\u00e8me 3%. Streef naar 10 minuten inwerktijd.<\/p>\n<p>&nbsp;<\/p>\n","protected":false},"excerpt":{"rendered":"<p>RefectoCil Oxidant cr\u00e8me 3% is een gestabiliseerde ontwikkelaar op basis van cr\u00e8me voor de RefectoCil wimper- of wenkbrauwverf. Anders dan Oxidant liquid 3%, maakt de Oxidant cr\u00e8me het mengen met RefectoCil kleuren nog makkelijker en blijft de massa beter zitten op de plek waar we deze aanbrengen. Zo loopt de massa ook minder snel in de ogen tijdens het verven van de wimpers.<\/p>\n","protected":false},"featured_media":46587,"template":"","meta":{"_monsterinsights_skip_tracking":false,"_monsterinsights_sitenote_active":false,"_monsterinsights_sitenote_note":"","_monsterinsights_sitenote_category":0},"product_brand":[],"product_cat":[209,76,201],"product_tag":[],"class_list":{"0":"post-1067","1":"product","2":"type-product","3":"status-publish","4":"has-post-thumbnail","6":"product_cat-refectocil","7":"product_cat-schoonheid","8":"product_cat-wimpers-en-wenkbrauwen","9":"description-off","11":"first","12":"instock","13":"taxable","14":"shipping-taxable","15":"product-type-simple"},"_links":{"self":[{"href":"https:\/\/ctinternational.nl\/shop\/wp-json\/wp\/v2\/product\/1067","targetHints":{"allow":["GET"]}}],"collection":[{"href":"https:\/\/ctinternational.nl\/shop\/wp-json\/wp\/v2\/product"}],"about":[{"href":"https:\/\/ctinternational.nl\/shop\/wp-json\/wp\/v2\/types\/product"}],"wp:featuredmedia":[{"embeddable":true,"href":"https:\/\/ctinternational.nl\/shop\/wp-json\/wp\/v2\/media\/46587"}],"wp:attachment":[{"href":"https:\/\/ctinternational.nl\/shop\/wp-json\/wp\/v2\/media?parent=1067"}],"wp:term":[{"taxonomy":"product_brand","embeddable":true,"href":"https:\/\/ctinternational.nl\/shop\/wp-json\/wp\/v2\/product_brand?post=1067"},{"taxonomy":"product_cat","embeddable":true,"href":"https:\/\/ctinternational.nl\/shop\/wp-json\/wp\/v2\/product_cat?post=1067"},{"taxonomy":"product_tag","embeddable":true,"href":"https:\/\/ctinternational.nl\/shop\/wp-json\/wp\/v2\/product_tag?post=1067"}],"curies":[{"name":"wp","href":"https:\/\/api.w.org\/{rel}","templated":true}]}}